{"id":4149,"date":"2023-05-25T09:45:41","date_gmt":"2023-05-25T09:45:41","guid":{"rendered":"https:\/\/staging.h2i.ch\/?page_id=4149"},"modified":"2023-05-25T12:16:09","modified_gmt":"2023-05-25T12:16:09","slug":"boutique","status":"publish","type":"page","link":"https:\/\/staging.h2i.ch\/fr\/boutique\/","title":{"rendered":"Boutique"},"content":{"rendered":"<p><img decoding=\"async\" loading=\"lazy\" src=\"wp-content\/uploads\/2023\/05\/logo_retailers_monochrome-300x44.png\" alt=\"\" width=\"300\" height=\"44\" class=\"aligncenter size-medium wp-image-4142\" srcset=\"https:\/\/staging.h2i.ch\/wp-content\/uploads\/2023\/05\/logo_retailers_monochrome-300x44.png 300w, https:\/\/staging.h2i.ch\/wp-content\/uploads\/2023\/05\/logo_retailers_monochrome.png 500w\" sizes=\"(max-width: 300px) 100vw, 300px\" \/><\/p>\n<p>La vente en ligne de nos produits ONEOF\u00ae Accuracy<sup>2<\/sup> et ONEOF\u00ae Accuracy boutique edition est g\u00e9r\u00e9e par notre partenaire MONOCHROME Watches.<br \/>\nReconnu comme l&rsquo;un des principaux blogs horlogers \u00e0 l&rsquo;\u00e9chelle mondiale, MONOCHROME offre les derni\u00e8res actualit\u00e9s horlog\u00e8res, des critiques \u00e9clair\u00e9es, des articles historiques et des explications techniques approfondies. Leur boutique en ligne propose une collection soigneusement s\u00e9lectionn\u00e9e d&rsquo;outils et d&rsquo;accessoires pour les passionn\u00e9s et collectionneurs de montres. <\/p>\n<p>H2i et MONOCHROME sont partenaires depuis plusieurs ann\u00e9es. Forte de son succ\u00e8s, H2i souhaite d\u00e9sormais recentrer ses activit\u00e9s sur les manufactures suisses et le secteur professionnel mondial. Pour cela, elle s&rsquo;appuie sur l&rsquo;expertise et le r\u00e9seau de MONOCHROME pour la vente en ligne de ses produits, qui s&rsquo;adresse aux passionn\u00e9s du monde entier.<\/p>\n<p><a href=\"https:\/\/shop.monochrome-watches.com\/collections\/watch-tools\" class=\"blue_btn custom_width_200\" style=\"opacity: 1; transform: translate(0px, 0px);\" target=\"_blank\" rel=\"noopener\">Boutique<span class=\"icon-arrow-cta\"><\/span><\/a><\/p>\n<p>Vous pouvez \u00e9galement visiter notre page \u00ab\u00a0Revendeurs\u00a0\u00bb pour obtenir la liste compl\u00e8te de nos d\u00e9taillants soigneusement s\u00e9lectionn\u00e9s \u00e0 travers le monde. Ainsi, vous pourrez choisir celui qui vous convient le mieux.<\/p>\n<p><a href=\"https:\/\/staging.h2i.ch\/fr\/revendeurs\/\" class=\"blue_btn custom_width_200\" style=\"opacity: 1; transform: translate(0px, 0px);\">Nos Revendeurs<span class=\"icon-arrow-cta\"><\/span><\/a><\/p>\n","protected":false},"excerpt":{"rendered":"<p>La vente en ligne de nos produits ONEOF\u00ae Accuracy2 et ONEOF\u00ae Accuracy boutique edition est g\u00e9r\u00e9e par notre partenaire MONOCHROME Watches. Reconnu comme l&rsquo;un des principaux blogs horlogers \u00e0 l&rsquo;\u00e9chelle mondiale, MONOCHROME offre les derni\u00e8res actualit\u00e9s horlog\u00e8res, des critiques \u00e9clair\u00e9es, des articles historiques et des explications techniques approfondies. Leur boutique en ligne propose une collection [&hellip;]<\/p>\n","protected":false},"author":9,"featured_media":0,"parent":0,"menu_order":0,"comment_status":"closed","ping_status":"closed","template":"","meta":{"footnotes":""},"acf":[],"yoast_head":"<!-- This site is optimized with the Yoast SEO plugin v21.3 - https:\/\/yoast.com\/wordpress\/plugins\/seo\/ -->\n<title>Boutique - H2i<\/title>\n<meta name=\"robots\" content=\"index, follow, max-snippet:-1, max-image-preview:large, max-video-preview:-1\" \/>\n<link rel=\"canonical\" href=\"https:\/\/staging.h2i.ch\/fr\/boutique\/\" \/>\n<meta property=\"og:locale\" content=\"fr_FR\" \/>\n<meta property=\"og:type\" content=\"article\" \/>\n<meta property=\"og:title\" content=\"Boutique - H2i\" \/>\n<meta property=\"og:description\" content=\"La vente en ligne de nos produits ONEOF\u00ae Accuracy2 et ONEOF\u00ae Accuracy boutique edition est g\u00e9r\u00e9e par notre partenaire MONOCHROME Watches. Reconnu comme l&rsquo;un des principaux blogs horlogers \u00e0 l&rsquo;\u00e9chelle mondiale, MONOCHROME offre les derni\u00e8res actualit\u00e9s horlog\u00e8res, des critiques \u00e9clair\u00e9es, des articles historiques et des explications techniques approfondies. Leur boutique en ligne propose une collection [&hellip;]\" \/>\n<meta property=\"og:url\" content=\"https:\/\/staging.h2i.ch\/fr\/boutique\/\" \/>\n<meta property=\"og:site_name\" content=\"H2i\" \/>\n<meta property=\"article:modified_time\" content=\"2023-05-25T12:16:09+00:00\" \/>\n<meta name=\"twitter:card\" content=\"summary_large_image\" \/>\n<meta name=\"twitter:label1\" content=\"Dur\u00e9e de lecture estim\u00e9e\" \/>\n\t<meta name=\"twitter:data1\" content=\"1 minute\" \/>\n<script type=\"application\/ld+json\" class=\"yoast-schema-graph\">{\"@context\":\"https:\/\/schema.org\",\"@graph\":[{\"@type\":\"WebPage\",\"@id\":\"https:\/\/staging.h2i.ch\/fr\/boutique\/\",\"url\":\"https:\/\/staging.h2i.ch\/fr\/boutique\/\",\"name\":\"Boutique - H2i\",\"isPartOf\":{\"@id\":\"https:\/\/staging.h2i.ch\/fr\/#website\"},\"datePublished\":\"2023-05-25T09:45:41+00:00\",\"dateModified\":\"2023-05-25T12:16:09+00:00\",\"breadcrumb\":{\"@id\":\"https:\/\/staging.h2i.ch\/fr\/boutique\/#breadcrumb\"},\"inLanguage\":\"fr-FR\",\"potentialAction\":[{\"@type\":\"ReadAction\",\"target\":[\"https:\/\/staging.h2i.ch\/fr\/boutique\/\"]}]},{\"@type\":\"BreadcrumbList\",\"@id\":\"https:\/\/staging.h2i.ch\/fr\/boutique\/#breadcrumb\",\"itemListElement\":[{\"@type\":\"ListItem\",\"position\":1,\"name\":\"Page d'accueil\",\"item\":\"https:\/\/staging.h2i.ch\/fr\/\"},{\"@type\":\"ListItem\",\"position\":2,\"name\":\"Boutique\"}]},{\"@type\":\"WebSite\",\"@id\":\"https:\/\/staging.h2i.ch\/fr\/#website\",\"url\":\"https:\/\/staging.h2i.ch\/fr\/\",\"name\":\"H2i\",\"description\":\"\",\"publisher\":{\"@id\":\"https:\/\/staging.h2i.ch\/fr\/#organization\"},\"potentialAction\":[{\"@type\":\"SearchAction\",\"target\":{\"@type\":\"EntryPoint\",\"urlTemplate\":\"https:\/\/staging.h2i.ch\/fr\/?s={search_term_string}\"},\"query-input\":\"required name=search_term_string\"}],\"inLanguage\":\"fr-FR\"},{\"@type\":\"Organization\",\"@id\":\"https:\/\/staging.h2i.ch\/fr\/#organization\",\"name\":\"H2i\",\"url\":\"https:\/\/staging.h2i.ch\/fr\/\",\"logo\":{\"@type\":\"ImageObject\",\"inLanguage\":\"fr-FR\",\"@id\":\"https:\/\/staging.h2i.ch\/fr\/#\/schema\/logo\/image\/\",\"url\":\"https:\/\/h2i.ch\/wp-content\/uploads\/2023\/03\/logo_H2i.jpg\",\"contentUrl\":\"https:\/\/h2i.ch\/wp-content\/uploads\/2023\/03\/logo_H2i.jpg\",\"width\":288,\"height\":144,\"caption\":\"H2i\"},\"image\":{\"@id\":\"https:\/\/staging.h2i.ch\/fr\/#\/schema\/logo\/image\/\"},\"sameAs\":[\"https:\/\/www.linkedin.com\/company\/h2i-swiss\/\",\"https:\/\/www.instagram.com\/oneof_swiss\/\"]}]}<\/script>\n<!-- \/ Yoast SEO plugin. -->","yoast_head_json":{"title":"Boutique - H2i","robots":{"index":"index","follow":"follow","max-snippet":"max-snippet:-1","max-image-preview":"max-image-preview:large","max-video-preview":"max-video-preview:-1"},"canonical":"https:\/\/staging.h2i.ch\/fr\/boutique\/","og_locale":"fr_FR","og_type":"article","og_title":"Boutique - H2i","og_description":"La vente en ligne de nos produits ONEOF\u00ae Accuracy2 et ONEOF\u00ae Accuracy boutique edition est g\u00e9r\u00e9e par notre partenaire MONOCHROME Watches. Reconnu comme l&rsquo;un des principaux blogs horlogers \u00e0 l&rsquo;\u00e9chelle mondiale, MONOCHROME offre les derni\u00e8res actualit\u00e9s horlog\u00e8res, des critiques \u00e9clair\u00e9es, des articles historiques et des explications techniques approfondies. Leur boutique en ligne propose une collection [&hellip;]","og_url":"https:\/\/staging.h2i.ch\/fr\/boutique\/","og_site_name":"H2i","article_modified_time":"2023-05-25T12:16:09+00:00","twitter_card":"summary_large_image","twitter_misc":{"Dur\u00e9e de lecture estim\u00e9e":"1 minute"},"schema":{"@context":"https:\/\/schema.org","@graph":[{"@type":"WebPage","@id":"https:\/\/staging.h2i.ch\/fr\/boutique\/","url":"https:\/\/staging.h2i.ch\/fr\/boutique\/","name":"Boutique - H2i","isPartOf":{"@id":"https:\/\/staging.h2i.ch\/fr\/#website"},"datePublished":"2023-05-25T09:45:41+00:00","dateModified":"2023-05-25T12:16:09+00:00","breadcrumb":{"@id":"https:\/\/staging.h2i.ch\/fr\/boutique\/#breadcrumb"},"inLanguage":"fr-FR","potentialAction":[{"@type":"ReadAction","target":["https:\/\/staging.h2i.ch\/fr\/boutique\/"]}]},{"@type":"BreadcrumbList","@id":"https:\/\/staging.h2i.ch\/fr\/boutique\/#breadcrumb","itemListElement":[{"@type":"ListItem","position":1,"name":"Page d'accueil","item":"https:\/\/staging.h2i.ch\/fr\/"},{"@type":"ListItem","position":2,"name":"Boutique"}]},{"@type":"WebSite","@id":"https:\/\/staging.h2i.ch\/fr\/#website","url":"https:\/\/staging.h2i.ch\/fr\/","name":"H2i","description":"","publisher":{"@id":"https:\/\/staging.h2i.ch\/fr\/#organization"},"potentialAction":[{"@type":"SearchAction","target":{"@type":"EntryPoint","urlTemplate":"https:\/\/staging.h2i.ch\/fr\/?s={search_term_string}"},"query-input":"required name=search_term_string"}],"inLanguage":"fr-FR"},{"@type":"Organization","@id":"https:\/\/staging.h2i.ch\/fr\/#organization","name":"H2i","url":"https:\/\/staging.h2i.ch\/fr\/","logo":{"@type":"ImageObject","inLanguage":"fr-FR","@id":"https:\/\/staging.h2i.ch\/fr\/#\/schema\/logo\/image\/","url":"https:\/\/h2i.ch\/wp-content\/uploads\/2023\/03\/logo_H2i.jpg","contentUrl":"https:\/\/h2i.ch\/wp-content\/uploads\/2023\/03\/logo_H2i.jpg","width":288,"height":144,"caption":"H2i"},"image":{"@id":"https:\/\/staging.h2i.ch\/fr\/#\/schema\/logo\/image\/"},"sameAs":["https:\/\/www.linkedin.com\/company\/h2i-swiss\/","https:\/\/www.instagram.com\/oneof_swiss\/"]}]}},"_links":{"self":[{"href":"https:\/\/staging.h2i.ch\/fr\/wp-json\/wp\/v2\/pages\/4149"}],"collection":[{"href":"https:\/\/staging.h2i.ch\/fr\/wp-json\/wp\/v2\/pages"}],"about":[{"href":"https:\/\/staging.h2i.ch\/fr\/wp-json\/wp\/v2\/types\/page"}],"author":[{"embeddable":true,"href":"https:\/\/staging.h2i.ch\/fr\/wp-json\/wp\/v2\/users\/9"}],"replies":[{"embeddable":true,"href":"https:\/\/staging.h2i.ch\/fr\/wp-json\/wp\/v2\/comments?post=4149"}],"version-history":[{"count":10,"href":"https:\/\/staging.h2i.ch\/fr\/wp-json\/wp\/v2\/pages\/4149\/revisions"}],"predecessor-version":[{"id":4152,"href":"https:\/\/staging.h2i.ch\/fr\/wp-json\/wp\/v2\/pages\/4149\/revisions\/4152"}],"wp:attachment":[{"href":"https:\/\/staging.h2i.ch\/fr\/wp-json\/wp\/v2\/media?parent=4149"}],"curies":[{"name":"wp","href":"https:\/\/api.w.org\/{rel}","templated":true}]}}