{"id":2991,"date":"2021-04-05T09:23:26","date_gmt":"2021-04-05T09:23:26","guid":{"rendered":"https:\/\/h2i.ch\/privacy-policy\/"},"modified":"2023-09-14T10:31:15","modified_gmt":"2023-09-14T10:31:15","slug":"privacy-policy","status":"publish","type":"page","link":"https:\/\/staging.h2i.ch\/fr\/privacy-policy\/","title":{"rendered":"Privacy Policy"},"content":{"rendered":"<h2>Introduction<\/h2>\n<p>h2i respecte la vie priv\u00e9e des individus et des entreprises et s\u2019engage \u00e0 prot\u00e9ger vos donn\u00e9es. Nous fournissons cette d\u00e9claration de confidentialit\u00e9 pour vous informer de notre politique de confidentialit\u00e9 et des pratiques associ\u00e9es.<\/p>\n<h2>Acceptation<\/h2>\n<p>Veuillez lire attentivement la d\u00e9claration de confidentialit\u00e9. En acc\u00e9dant au site Web <a href=\"https:\/\/h2i.ch\/fr\/\">https:\/\/h2i.ch\/fr\/<\/a> et \u00e0 son contenu, vous acceptez d\u2019\u00eatre li\u00e9 par tous les termes et conditions de cette d\u00e9claration de confidentialit\u00e9 et les termes et conditions d\u2019acc\u00e8s. Si vous n\u2019\u00eates pas d\u2019accord avec l\u2019une des conditions suivantes, veuillez vous abstenir d\u2019utiliser ce site Web.<\/p>\n<h2>Collecte d\u2019informations personnelles<\/h2>\n<p>Nous pouvons vous demander des informations personnelles, y compris, mais sans s\u2019y limiter, votre nom, votre adresse e-mail, le nom de votre soci\u00e9t\u00e9 et votre num\u00e9ro de t\u00e9l\u00e9phone pour nous permettre de r\u00e9pondre \u00e0 vos demandes. Votre r\u00e9ponse \u00e0 ces demandes est strictement volontaire.<\/p>\n<h2>Utilisation des cookies<\/h2>\n<p>Les cookies sont de petits fichiers qu\u2019un site Web place sur votre disque dur pour vous identifier facilement lorsque vous revenez ou pour vous aider \u00e0 \u00abpersonnaliser\u00bb votre visite.<\/p>\n<h2>Plugins sociaux<\/h2>\n<p>Notre site Web utilise des plugins sociaux (\u00abplugins\u00bb) fournis par le r\u00e9seau social facebook.com, exploit\u00e9 par Facebook Inc., 1601 S. California Avenue, Palo Alto, CA 94304, \u00c9tats-Unis (\u00abFacebook\u00bb). Les plugins sont identifiables par un logo Facebook (lettre f blanche sur fond bleu ou une ic\u00f4ne pouce vers le haut) ou la mention \u00abFacebook Social Plugin\u00bb. Pour une liste compl\u00e8te de tous les plugins sociaux, veuillez consulter les d\u00e9veloppeurs.facebook.com\/plugins.<\/p>\n<p>Lorsque vous visitez une page de notre site Web contenant un plugin social, votre navigateur \u00e9tablit une connexion directe aux serveurs Facebook. Facebook transf\u00e8re directement le contenu du plugin \u00e0 votre navigateur qui int\u00e8gre ce dernier dans le site Web, permettant \u00e0 Facebook de recevoir des informations sur votre acc\u00e8s \u00e0 la page respective de notre site Web. Ainsi nous n\u2019avons aucune influence sur les donn\u00e9es collect\u00e9es par le plugin et vous informons en fonction de notre \u00e9tat de connaissance:<\/p>\n<p>Les plugins int\u00e9gr\u00e9s fournissent \u00e0 Facebook les informations que vous avez acc\u00e9d\u00e9 \u00e0 la page correspondante de notre site Web. Si vous \u00eates connect\u00e9 \u00e0 Facebook, votre visite peut \u00eatre attribu\u00e9e \u00e0 votre compte Facebook. Si vous interagissez avec les plugins, par exemple en cliquant sur \u00abJ\u2019aime\u00bb ou en entrant un commentaire, les informations correspondantes sont transmises de votre navigateur directement \u00e0 Facebook et stock\u00e9es par celui-ci. M\u00eame si vous n\u2019\u00eates pas connect\u00e9 \u00e0 Facebook, il est possible que les plugins transmettent votre adresse IP \u00e0 Facebook.<\/p>\n<p>Pour plus d\u2019informations sur le but et l\u2019\u00e9tendue de la collecte et du traitement des donn\u00e9es par Facebook, ainsi que sur vos droits \u00e0 cet \u00e9gard et les options de param\u00e9trage pour prot\u00e9ger votre vie priv\u00e9e, veuillez consulter la politique de confidentialit\u00e9 de Facebook: www.facebook.com\/policy.php.<\/p>\n<p>Si vous \u00eates membre de Facebook et que vous ne souhaitez pas que Facebook connecte les donn\u00e9es relatives \u00e0 votre visite sur notre site Web avec vos donn\u00e9es de membre d\u00e9j\u00e0 stock\u00e9es par Facebook, veuillez vous d\u00e9connecter de Facebook avant d\u2019acc\u00e9der \u00e0 notre site Web. De plus, vous pouvez bloquer les plugins sociaux Facebook en utilisant des modules compl\u00e9mentaires pour votre navigateur, comme le \u00abFacebook Blocker\u00bb.<\/p>\n<h2>Collecte anonyme d\u2019informations<\/h2>\n<p>Pour nous aider \u00e0 \u00e9valuer l\u2019efficacit\u00e9 du site Web, nous enregistrons des d\u00e9tails tels que la date, l\u2019heure, le type de navigateur, l\u2019historique de navigation et l\u2019adresse IP de tous les visiteurs via les journaux de serveur Web standard. Ces informations ne contiennent rien qui puisse identifier personnellement les utilisateurs.<\/p>\n<p>Modifications de cette d\u00e9claration de confidentialit\u00e9<\/p>\n<p>Si vous utilisez ce site Web r\u00e9guli\u00e8rement, il vous est conseill\u00e9 de vous r\u00e9f\u00e9rer \u00e0 cette page de temps en temps car h2i se r\u00e9serve le droit de changer, modifier, ajouter ou supprimer du contenu de cette d\u00e9claration de confidentialit\u00e9.<\/p>\n<h2>Loi applicable et juridiction<\/h2>\n<p>h2i est r\u00e9gie en mati\u00e8re de confidentialit\u00e9 conform\u00e9ment au droit suisse, y compris les dispositions et les recours qui y sont contenus.<\/p>\n<h2>Google Analytics<\/h2>\n<p>Ce site Web utilise les fonctions du service d\u2019analyse Web Google Analytics. Le fournisseur de ce service est Google Ireland Limited \u00ab\u00a0(\u00a0\u00bb Google \u00ab\u00a0)\u00a0\u00bb, Gordon House, Barrow Street, Dublin 4, Irlande. Google Analytics utilise des cookies. Les informations g\u00e9n\u00e9r\u00e9es par les cookies sur votre utilisation de ce site Web sont g\u00e9n\u00e9ralement transf\u00e9r\u00e9es vers un serveur de Google aux \u00c9tats-Unis, o\u00f9 elles sont stock\u00e9es. Le stockage des cookies de Google Analytics et l\u2019utilisation de cet outil d\u2019analyse sont bas\u00e9s sur l\u2019art. 6 Sect. 1 lit. f RGPD. L\u2019exploitant de ce site Web a un int\u00e9r\u00eat l\u00e9gitime dans l\u2019analyse des mod\u00e8les d\u2019utilisation afin d\u2019optimiser \u00e0 la fois les services offerts en ligne et les activit\u00e9s publicitaires de l\u2019op\u00e9rateur. Si un accord correspondant a \u00e9t\u00e9 demand\u00e9 (par exemple un accord sur le stockage de cookies), le traitement a lieu exclusivement sur la base de l\u2019art. 6 par. 1 lit. un RGPD; l\u2019accord peut \u00eatre r\u00e9voqu\u00e9 \u00e0 tout moment.<\/p>\n<h2>Anonymisation IP<\/h2>\n<p>Sur ce site Web, nous avons activ\u00e9 la fonction d\u2019anonymisation IP. En cons\u00e9quence, votre adresse IP sera abr\u00e9g\u00e9e par Google dans les \u00c9tats membres de l\u2019Union europ\u00e9enne ou dans d\u2019autres \u00c9tats ayant ratifi\u00e9 la Convention sur l\u2019Espace \u00e9conomique europ\u00e9en avant sa transmission aux \u00c9tats-Unis. L\u2019adresse IP compl\u00e8te sera transmise \u00e0 l\u2019un des serveurs de Google aux \u00c9tats-Unis et y sera abr\u00e9g\u00e9e uniquement dans des cas exceptionnels. Au nom de l\u2019exploitant de ce site Web, Google utilisera ces informations pour analyser votre utilisation de ce site Web afin de g\u00e9n\u00e9rer des rapports sur les activit\u00e9s du site Web et pour rendre d\u2019autres services \u00e0 l\u2019exploitant de ce site Web li\u00e9s \u00e0 l\u2019utilisation du site Web et d\u2019Internet. . L\u2019adresse IP transmise en conjonction avec Google Analytics depuis votre navigateur ne doit pas \u00eatre fusionn\u00e9e avec d\u2019autres donn\u00e9es en possession de Google.<\/p>\n<h2>Plug-in de navigateur<\/h2>\n<p>Vous avez la possibilit\u00e9 d\u2019emp\u00eacher l\u2019archivage des cookies en apportant des modifications pertinentes aux param\u00e8tres de votre logiciel de navigation. Cependant, nous devons souligner que dans ce cas, vous ne pourrez peut-\u00eatre pas utiliser toutes les fonctions de ce site Web dans leur pleine mesure. De plus, vous avez la possibilit\u00e9 d\u2019emp\u00eacher l\u2019enregistrement des donn\u00e9es g\u00e9n\u00e9r\u00e9es par le cookie et li\u00e9es \u00e0 votre utilisation du site Web (y compris votre adresse IP) par Google ainsi que le traitement de ces donn\u00e9es par Google en t\u00e9l\u00e9chargeant et en installant le plug-in de navigateur. -in disponible sous le lien suivant: <a href=\"https:\/\/tools.google.com\/dlpage\/gaoptout?hl=fr\">https:\/\/tools.google.com\/dlpage\/gaoptout?hl=fr<\/a>.<\/p>\n<h2>Opposition \u00e0 l\u2019enregistrement des donn\u00e9es<\/h2>\n<p>Vous avez la possibilit\u00e9 d\u2019emp\u00eacher l\u2019enregistrement de vos donn\u00e9es par Google Analytics en cliquant sur le lien suivant. Cela entra\u00eenera le placement d\u2019un cookie de d\u00e9sactivation, qui emp\u00eache l\u2019enregistrement de vos donn\u00e9es lors de futures visites sur ce site Web: <a href=\"https:\/\/chrome.google.com\/webstore\/detail\/google-analytics-opt-out\/fllaojicojecljbmefodhfapmkghcbnh?hl=en\">Lien de d\u00e9sactivation<\/a>.<\/p>\n<p>Pour plus d\u2019informations sur le traitement des donn\u00e9es utilisateur par Google Analytics, veuillez consulter la d\u00e9claration de confidentialit\u00e9 des donn\u00e9es de Google \u00e0 l\u2019adresse: <a href=\"https:\/\/support.google.com\/analytics\/answer\/6004245?hl=fr\">https:\/\/support.google.com\/analytics\/answer\/6004245?hl=fr<\/a>.<\/p>\n<h2>P\u00e9riode d\u2019archivage<\/h2>\n<p>Les donn\u00e9es sur l\u2019utilisateur ou au niveau de l\u2019incident stock\u00e9es par Google li\u00e9es aux cookies, aux identifiants d\u2019utilisateur ou aux identifiants publicitaires (par exemple, les cookies DoubleClick, l\u2019identifiant publicitaire Android) seront anonymis\u00e9es ou supprim\u00e9es apr\u00e8s 14 mois. Pour plus d\u2019informations, cliquez sur le lien suivant: <a href=\"https:\/\/support.google.com\/analytics\/answer\/7667196?hl=fr\">https:\/\/support.google.com\/analytics\/answer\/7667196?hl=fr<\/a><\/p>\n<h2>Plus d\u2019information<\/h2>\n<p>Si vous avez encore des questions, n\u2019h\u00e9sitez pas \u00e0 nous contacter.<\/p>\n","protected":false},"excerpt":{"rendered":"<p>Introduction h2i respecte la vie priv\u00e9e des individus et des entreprises et s\u2019engage \u00e0 prot\u00e9ger vos donn\u00e9es. Nous fournissons cette d\u00e9claration de confidentialit\u00e9 pour vous informer de notre politique de confidentialit\u00e9 et des pratiques associ\u00e9es. Acceptation Veuillez lire attentivement la d\u00e9claration de confidentialit\u00e9. En acc\u00e9dant au site Web https:\/\/h2i.ch\/fr\/ et \u00e0 son contenu, vous acceptez [&hellip;]<\/p>\n","protected":false},"author":1,"featured_media":0,"parent":0,"menu_order":0,"comment_status":"closed","ping_status":"open","template":"template-with-sidebar.php","meta":{"footnotes":""},"acf":[],"yoast_head":"<!-- This site is optimized with the Yoast SEO plugin v21.3 - https:\/\/yoast.com\/wordpress\/plugins\/seo\/ -->\n<title>Privacy Policy - H2i<\/title>\n<meta name=\"robots\" content=\"index, follow, max-snippet:-1, max-image-preview:large, max-video-preview:-1\" \/>\n<link rel=\"canonical\" href=\"https:\/\/staging.h2i.ch\/fr\/privacy-policy\/\" \/>\n<meta property=\"og:locale\" content=\"fr_FR\" \/>\n<meta property=\"og:type\" content=\"article\" \/>\n<meta property=\"og:title\" content=\"Privacy Policy - H2i\" \/>\n<meta property=\"og:description\" content=\"Introduction h2i respecte la vie priv\u00e9e des individus et des entreprises et s\u2019engage \u00e0 prot\u00e9ger vos donn\u00e9es. Nous fournissons cette d\u00e9claration de confidentialit\u00e9 pour vous informer de notre politique de confidentialit\u00e9 et des pratiques associ\u00e9es. Acceptation Veuillez lire attentivement la d\u00e9claration de confidentialit\u00e9. En acc\u00e9dant au site Web https:\/\/h2i.ch\/fr\/ et \u00e0 son contenu, vous acceptez [&hellip;]\" \/>\n<meta property=\"og:url\" content=\"https:\/\/staging.h2i.ch\/fr\/privacy-policy\/\" \/>\n<meta property=\"og:site_name\" content=\"H2i\" \/>\n<meta property=\"article:modified_time\" content=\"2023-09-14T10:31:15+00:00\" \/>\n<meta name=\"twitter:card\" content=\"summary_large_image\" \/>\n<meta name=\"twitter:label1\" content=\"Dur\u00e9e de lecture estim\u00e9e\" \/>\n\t<meta name=\"twitter:data1\" content=\"6 minutes\" \/>\n<script type=\"application\/ld+json\" class=\"yoast-schema-graph\">{\"@context\":\"https:\/\/schema.org\",\"@graph\":[{\"@type\":\"WebPage\",\"@id\":\"https:\/\/staging.h2i.ch\/fr\/privacy-policy\/\",\"url\":\"https:\/\/staging.h2i.ch\/fr\/privacy-policy\/\",\"name\":\"Privacy Policy - H2i\",\"isPartOf\":{\"@id\":\"https:\/\/staging.h2i.ch\/fr\/#website\"},\"datePublished\":\"2021-04-05T09:23:26+00:00\",\"dateModified\":\"2023-09-14T10:31:15+00:00\",\"breadcrumb\":{\"@id\":\"https:\/\/staging.h2i.ch\/fr\/privacy-policy\/#breadcrumb\"},\"inLanguage\":\"fr-FR\",\"potentialAction\":[{\"@type\":\"ReadAction\",\"target\":[\"https:\/\/staging.h2i.ch\/fr\/privacy-policy\/\"]}]},{\"@type\":\"BreadcrumbList\",\"@id\":\"https:\/\/staging.h2i.ch\/fr\/privacy-policy\/#breadcrumb\",\"itemListElement\":[{\"@type\":\"ListItem\",\"position\":1,\"name\":\"Page d'accueil\",\"item\":\"https:\/\/staging.h2i.ch\/fr\/\"},{\"@type\":\"ListItem\",\"position\":2,\"name\":\"Privacy Policy\"}]},{\"@type\":\"WebSite\",\"@id\":\"https:\/\/staging.h2i.ch\/fr\/#website\",\"url\":\"https:\/\/staging.h2i.ch\/fr\/\",\"name\":\"H2i\",\"description\":\"\",\"publisher\":{\"@id\":\"https:\/\/staging.h2i.ch\/fr\/#organization\"},\"potentialAction\":[{\"@type\":\"SearchAction\",\"target\":{\"@type\":\"EntryPoint\",\"urlTemplate\":\"https:\/\/staging.h2i.ch\/fr\/?s={search_term_string}\"},\"query-input\":\"required name=search_term_string\"}],\"inLanguage\":\"fr-FR\"},{\"@type\":\"Organization\",\"@id\":\"https:\/\/staging.h2i.ch\/fr\/#organization\",\"name\":\"H2i\",\"url\":\"https:\/\/staging.h2i.ch\/fr\/\",\"logo\":{\"@type\":\"ImageObject\",\"inLanguage\":\"fr-FR\",\"@id\":\"https:\/\/staging.h2i.ch\/fr\/#\/schema\/logo\/image\/\",\"url\":\"https:\/\/h2i.ch\/wp-content\/uploads\/2023\/03\/logo_H2i.jpg\",\"contentUrl\":\"https:\/\/h2i.ch\/wp-content\/uploads\/2023\/03\/logo_H2i.jpg\",\"width\":288,\"height\":144,\"caption\":\"H2i\"},\"image\":{\"@id\":\"https:\/\/staging.h2i.ch\/fr\/#\/schema\/logo\/image\/\"},\"sameAs\":[\"https:\/\/www.linkedin.com\/company\/h2i-swiss\/\",\"https:\/\/www.instagram.com\/oneof_swiss\/\"]}]}<\/script>\n<!-- \/ Yoast SEO plugin. -->","yoast_head_json":{"title":"Privacy Policy - H2i","robots":{"index":"index","follow":"follow","max-snippet":"max-snippet:-1","max-image-preview":"max-image-preview:large","max-video-preview":"max-video-preview:-1"},"canonical":"https:\/\/staging.h2i.ch\/fr\/privacy-policy\/","og_locale":"fr_FR","og_type":"article","og_title":"Privacy Policy - H2i","og_description":"Introduction h2i respecte la vie priv\u00e9e des individus et des entreprises et s\u2019engage \u00e0 prot\u00e9ger vos donn\u00e9es. Nous fournissons cette d\u00e9claration de confidentialit\u00e9 pour vous informer de notre politique de confidentialit\u00e9 et des pratiques associ\u00e9es. Acceptation Veuillez lire attentivement la d\u00e9claration de confidentialit\u00e9. En acc\u00e9dant au site Web https:\/\/h2i.ch\/fr\/ et \u00e0 son contenu, vous acceptez [&hellip;]","og_url":"https:\/\/staging.h2i.ch\/fr\/privacy-policy\/","og_site_name":"H2i","article_modified_time":"2023-09-14T10:31:15+00:00","twitter_card":"summary_large_image","twitter_misc":{"Dur\u00e9e de lecture estim\u00e9e":"6 minutes"},"schema":{"@context":"https:\/\/schema.org","@graph":[{"@type":"WebPage","@id":"https:\/\/staging.h2i.ch\/fr\/privacy-policy\/","url":"https:\/\/staging.h2i.ch\/fr\/privacy-policy\/","name":"Privacy Policy - H2i","isPartOf":{"@id":"https:\/\/staging.h2i.ch\/fr\/#website"},"datePublished":"2021-04-05T09:23:26+00:00","dateModified":"2023-09-14T10:31:15+00:00","breadcrumb":{"@id":"https:\/\/staging.h2i.ch\/fr\/privacy-policy\/#breadcrumb"},"inLanguage":"fr-FR","potentialAction":[{"@type":"ReadAction","target":["https:\/\/staging.h2i.ch\/fr\/privacy-policy\/"]}]},{"@type":"BreadcrumbList","@id":"https:\/\/staging.h2i.ch\/fr\/privacy-policy\/#breadcrumb","itemListElement":[{"@type":"ListItem","position":1,"name":"Page d'accueil","item":"https:\/\/staging.h2i.ch\/fr\/"},{"@type":"ListItem","position":2,"name":"Privacy Policy"}]},{"@type":"WebSite","@id":"https:\/\/staging.h2i.ch\/fr\/#website","url":"https:\/\/staging.h2i.ch\/fr\/","name":"H2i","description":"","publisher":{"@id":"https:\/\/staging.h2i.ch\/fr\/#organization"},"potentialAction":[{"@type":"SearchAction","target":{"@type":"EntryPoint","urlTemplate":"https:\/\/staging.h2i.ch\/fr\/?s={search_term_string}"},"query-input":"required name=search_term_string"}],"inLanguage":"fr-FR"},{"@type":"Organization","@id":"https:\/\/staging.h2i.ch\/fr\/#organization","name":"H2i","url":"https:\/\/staging.h2i.ch\/fr\/","logo":{"@type":"ImageObject","inLanguage":"fr-FR","@id":"https:\/\/staging.h2i.ch\/fr\/#\/schema\/logo\/image\/","url":"https:\/\/h2i.ch\/wp-content\/uploads\/2023\/03\/logo_H2i.jpg","contentUrl":"https:\/\/h2i.ch\/wp-content\/uploads\/2023\/03\/logo_H2i.jpg","width":288,"height":144,"caption":"H2i"},"image":{"@id":"https:\/\/staging.h2i.ch\/fr\/#\/schema\/logo\/image\/"},"sameAs":["https:\/\/www.linkedin.com\/company\/h2i-swiss\/","https:\/\/www.instagram.com\/oneof_swiss\/"]}]}},"_links":{"self":[{"href":"https:\/\/staging.h2i.ch\/fr\/wp-json\/wp\/v2\/pages\/2991"}],"collection":[{"href":"https:\/\/staging.h2i.ch\/fr\/wp-json\/wp\/v2\/pages"}],"about":[{"href":"https:\/\/staging.h2i.ch\/fr\/wp-json\/wp\/v2\/types\/page"}],"author":[{"embeddable":true,"href":"https:\/\/staging.h2i.ch\/fr\/wp-json\/wp\/v2\/users\/1"}],"replies":[{"embeddable":true,"href":"https:\/\/staging.h2i.ch\/fr\/wp-json\/wp\/v2\/comments?post=2991"}],"version-history":[{"count":4,"href":"https:\/\/staging.h2i.ch\/fr\/wp-json\/wp\/v2\/pages\/2991\/revisions"}],"predecessor-version":[{"id":4338,"href":"https:\/\/staging.h2i.ch\/fr\/wp-json\/wp\/v2\/pages\/2991\/revisions\/4338"}],"wp:attachment":[{"href":"https:\/\/staging.h2i.ch\/fr\/wp-json\/wp\/v2\/media?parent=2991"}],"curies":[{"name":"wp","href":"https:\/\/api.w.org\/{rel}","templated":true}]}}