{"id":2479,"date":"2021-05-19T04:10:08","date_gmt":"2021-05-19T04:10:08","guid":{"rendered":"https:\/\/h2i.ch\/h2i-acoustic-watch-measurement-tools\/"},"modified":"2023-10-19T12:55:59","modified_gmt":"2023-10-19T12:55:59","slug":"acoustique","status":"publish","type":"page","link":"https:\/\/staging.h2i.ch\/fr\/acoustique\/","title":{"rendered":"Acoustique"},"content":{"rendered":"<p>Des cha\u00eenes de production de l&rsquo;horlogerie suisse aux amateurs de montres du monde entier, nos outils de mesure acoustique ONEOF\u00ae sont r\u00e9put\u00e9s pour leur qualit\u00e9 exceptionnelle et leurs possibilit\u00e9s infinis.<\/p>\n","protected":false},"excerpt":{"rendered":"<p>Des cha\u00eenes de production de l&rsquo;horlogerie suisse aux amateurs de montres du monde entier, nos outils de mesure acoustique ONEOF\u00ae sont r\u00e9put\u00e9s pour leur qualit\u00e9 exceptionnelle et leurs possibilit\u00e9s infinis.<\/p>\n","protected":false},"author":6,"featured_media":2292,"parent":0,"menu_order":0,"comment_status":"closed","ping_status":"closed","template":"product-landing-template.php","meta":{"footnotes":""},"acf":[],"yoast_head":"<!-- This site is optimized with the Yoast SEO plugin v21.3 - https:\/\/yoast.com\/wordpress\/plugins\/seo\/ -->\n<title>Mesure acoustique pour montres et mouvements - H2i<\/title>\n<meta name=\"description\" content=\"Instruments de mesure acoustique pour montres et mouvements, mono &amp; multi-positions, pour boutiques, horlogers amateurs et professionnels.\" \/>\n<meta name=\"robots\" content=\"index, follow, max-snippet:-1, max-image-preview:large, max-video-preview:-1\" \/>\n<link rel=\"canonical\" href=\"https:\/\/staging.h2i.ch\/fr\/acoustique\/\" \/>\n<meta property=\"og:locale\" content=\"fr_FR\" \/>\n<meta property=\"og:type\" content=\"article\" \/>\n<meta property=\"og:title\" content=\"Mesure acoustique pour montres et mouvements - H2i\" \/>\n<meta property=\"og:description\" content=\"Instruments de mesure acoustique pour montres et mouvements, mono &amp; multi-positions, pour boutiques, horlogers amateurs et professionnels.\" \/>\n<meta property=\"og:url\" content=\"https:\/\/staging.h2i.ch\/fr\/acoustique\/\" \/>\n<meta property=\"og:site_name\" content=\"H2i\" \/>\n<meta property=\"article:modified_time\" content=\"2023-10-19T12:55:59+00:00\" \/>\n<meta property=\"og:image\" content=\"https:\/\/staging.h2i.ch\/wp-content\/uploads\/2021\/05\/accuracy_pro_product_side_light.jpg\" \/>\n\t<meta property=\"og:image:width\" content=\"1200\" \/>\n\t<meta property=\"og:image:height\" content=\"1200\" \/>\n\t<meta property=\"og:image:type\" content=\"image\/jpeg\" \/>\n<meta name=\"twitter:card\" content=\"summary_large_image\" \/>\n<meta name=\"twitter:label1\" content=\"Dur\u00e9e de lecture estim\u00e9e\" \/>\n\t<meta name=\"twitter:data1\" content=\"1 minute\" \/>\n<script type=\"application\/ld+json\" class=\"yoast-schema-graph\">{\"@context\":\"https:\/\/schema.org\",\"@graph\":[{\"@type\":\"WebPage\",\"@id\":\"https:\/\/staging.h2i.ch\/fr\/acoustique\/\",\"url\":\"https:\/\/staging.h2i.ch\/fr\/acoustique\/\",\"name\":\"Mesure acoustique pour montres et mouvements - H2i\",\"isPartOf\":{\"@id\":\"https:\/\/staging.h2i.ch\/fr\/#website\"},\"datePublished\":\"2021-05-19T04:10:08+00:00\",\"dateModified\":\"2023-10-19T12:55:59+00:00\",\"description\":\"Instruments de mesure acoustique pour montres et mouvements, mono & multi-positions, pour boutiques, horlogers amateurs et professionnels.\",\"breadcrumb\":{\"@id\":\"https:\/\/staging.h2i.ch\/fr\/acoustique\/#breadcrumb\"},\"inLanguage\":\"fr-FR\",\"potentialAction\":[{\"@type\":\"ReadAction\",\"target\":[\"https:\/\/staging.h2i.ch\/fr\/acoustique\/\"]}]},{\"@type\":\"BreadcrumbList\",\"@id\":\"https:\/\/staging.h2i.ch\/fr\/acoustique\/#breadcrumb\",\"itemListElement\":[{\"@type\":\"ListItem\",\"position\":1,\"name\":\"Page d'accueil\",\"item\":\"https:\/\/staging.h2i.ch\/fr\/\"},{\"@type\":\"ListItem\",\"position\":2,\"name\":\"Acoustique\"}]},{\"@type\":\"WebSite\",\"@id\":\"https:\/\/staging.h2i.ch\/fr\/#website\",\"url\":\"https:\/\/staging.h2i.ch\/fr\/\",\"name\":\"H2i\",\"description\":\"\",\"publisher\":{\"@id\":\"https:\/\/staging.h2i.ch\/fr\/#organization\"},\"potentialAction\":[{\"@type\":\"SearchAction\",\"target\":{\"@type\":\"EntryPoint\",\"urlTemplate\":\"https:\/\/staging.h2i.ch\/fr\/?s={search_term_string}\"},\"query-input\":\"required name=search_term_string\"}],\"inLanguage\":\"fr-FR\"},{\"@type\":\"Organization\",\"@id\":\"https:\/\/staging.h2i.ch\/fr\/#organization\",\"name\":\"H2i\",\"url\":\"https:\/\/staging.h2i.ch\/fr\/\",\"logo\":{\"@type\":\"ImageObject\",\"inLanguage\":\"fr-FR\",\"@id\":\"https:\/\/staging.h2i.ch\/fr\/#\/schema\/logo\/image\/\",\"url\":\"https:\/\/h2i.ch\/wp-content\/uploads\/2023\/03\/logo_H2i.jpg\",\"contentUrl\":\"https:\/\/h2i.ch\/wp-content\/uploads\/2023\/03\/logo_H2i.jpg\",\"width\":288,\"height\":144,\"caption\":\"H2i\"},\"image\":{\"@id\":\"https:\/\/staging.h2i.ch\/fr\/#\/schema\/logo\/image\/\"},\"sameAs\":[\"https:\/\/www.linkedin.com\/company\/h2i-swiss\/\",\"https:\/\/www.instagram.com\/oneof_swiss\/\"]}]}<\/script>\n<!-- \/ Yoast SEO plugin. -->","yoast_head_json":{"title":"Mesure acoustique pour montres et mouvements - H2i","description":"Instruments de mesure acoustique pour montres et mouvements, mono & multi-positions, pour boutiques, horlogers amateurs et professionnels.","robots":{"index":"index","follow":"follow","max-snippet":"max-snippet:-1","max-image-preview":"max-image-preview:large","max-video-preview":"max-video-preview:-1"},"canonical":"https:\/\/staging.h2i.ch\/fr\/acoustique\/","og_locale":"fr_FR","og_type":"article","og_title":"Mesure acoustique pour montres et mouvements - H2i","og_description":"Instruments de mesure acoustique pour montres et mouvements, mono & multi-positions, pour boutiques, horlogers amateurs et professionnels.","og_url":"https:\/\/staging.h2i.ch\/fr\/acoustique\/","og_site_name":"H2i","article_modified_time":"2023-10-19T12:55:59+00:00","og_image":[{"width":1200,"height":1200,"url":"https:\/\/staging.h2i.ch\/wp-content\/uploads\/2021\/05\/accuracy_pro_product_side_light.jpg","type":"image\/jpeg"}],"twitter_card":"summary_large_image","twitter_misc":{"Dur\u00e9e de lecture estim\u00e9e":"1 minute"},"schema":{"@context":"https:\/\/schema.org","@graph":[{"@type":"WebPage","@id":"https:\/\/staging.h2i.ch\/fr\/acoustique\/","url":"https:\/\/staging.h2i.ch\/fr\/acoustique\/","name":"Mesure acoustique pour montres et mouvements - H2i","isPartOf":{"@id":"https:\/\/staging.h2i.ch\/fr\/#website"},"datePublished":"2021-05-19T04:10:08+00:00","dateModified":"2023-10-19T12:55:59+00:00","description":"Instruments de mesure acoustique pour montres et mouvements, mono & multi-positions, pour boutiques, horlogers amateurs et professionnels.","breadcrumb":{"@id":"https:\/\/staging.h2i.ch\/fr\/acoustique\/#breadcrumb"},"inLanguage":"fr-FR","potentialAction":[{"@type":"ReadAction","target":["https:\/\/staging.h2i.ch\/fr\/acoustique\/"]}]},{"@type":"BreadcrumbList","@id":"https:\/\/staging.h2i.ch\/fr\/acoustique\/#breadcrumb","itemListElement":[{"@type":"ListItem","position":1,"name":"Page d'accueil","item":"https:\/\/staging.h2i.ch\/fr\/"},{"@type":"ListItem","position":2,"name":"Acoustique"}]},{"@type":"WebSite","@id":"https:\/\/staging.h2i.ch\/fr\/#website","url":"https:\/\/staging.h2i.ch\/fr\/","name":"H2i","description":"","publisher":{"@id":"https:\/\/staging.h2i.ch\/fr\/#organization"},"potentialAction":[{"@type":"SearchAction","target":{"@type":"EntryPoint","urlTemplate":"https:\/\/staging.h2i.ch\/fr\/?s={search_term_string}"},"query-input":"required name=search_term_string"}],"inLanguage":"fr-FR"},{"@type":"Organization","@id":"https:\/\/staging.h2i.ch\/fr\/#organization","name":"H2i","url":"https:\/\/staging.h2i.ch\/fr\/","logo":{"@type":"ImageObject","inLanguage":"fr-FR","@id":"https:\/\/staging.h2i.ch\/fr\/#\/schema\/logo\/image\/","url":"https:\/\/h2i.ch\/wp-content\/uploads\/2023\/03\/logo_H2i.jpg","contentUrl":"https:\/\/h2i.ch\/wp-content\/uploads\/2023\/03\/logo_H2i.jpg","width":288,"height":144,"caption":"H2i"},"image":{"@id":"https:\/\/staging.h2i.ch\/fr\/#\/schema\/logo\/image\/"},"sameAs":["https:\/\/www.linkedin.com\/company\/h2i-swiss\/","https:\/\/www.instagram.com\/oneof_swiss\/"]}]}},"_links":{"self":[{"href":"https:\/\/staging.h2i.ch\/fr\/wp-json\/wp\/v2\/pages\/2479"}],"collection":[{"href":"https:\/\/staging.h2i.ch\/fr\/wp-json\/wp\/v2\/pages"}],"about":[{"href":"https:\/\/staging.h2i.ch\/fr\/wp-json\/wp\/v2\/types\/page"}],"author":[{"embeddable":true,"href":"https:\/\/staging.h2i.ch\/fr\/wp-json\/wp\/v2\/users\/6"}],"replies":[{"embeddable":true,"href":"https:\/\/staging.h2i.ch\/fr\/wp-json\/wp\/v2\/comments?post=2479"}],"version-history":[{"count":19,"href":"https:\/\/staging.h2i.ch\/fr\/wp-json\/wp\/v2\/pages\/2479\/revisions"}],"predecessor-version":[{"id":4440,"href":"https:\/\/staging.h2i.ch\/fr\/wp-json\/wp\/v2\/pages\/2479\/revisions\/4440"}],"wp:featuredmedia":[{"embeddable":true,"href":"https:\/\/staging.h2i.ch\/fr\/wp-json\/wp\/v2\/media\/2292"}],"wp:attachment":[{"href":"https:\/\/staging.h2i.ch\/fr\/wp-json\/wp\/v2\/media?parent=2479"}],"curies":[{"name":"wp","href":"https:\/\/api.w.org\/{rel}","templated":true}]}}