{"id":2478,"date":"2021-05-19T06:46:26","date_gmt":"2021-05-19T06:46:26","guid":{"rendered":"https:\/\/h2i.ch\/magnetism-testing-tools\/"},"modified":"2023-09-26T11:11:41","modified_gmt":"2023-09-26T11:11:41","slug":"outil-test-magnetisme-horloger","status":"publish","type":"page","link":"https:\/\/staging.h2i.ch\/fr\/outil-test-magnetisme-horloger\/","title":{"rendered":"Magn\u00e9tisme"},"content":{"rendered":"<p>La plupart des montres m\u00e9caniques sont profond\u00e9ment affect\u00e9es par les champs magn\u00e9tiques. Afin de mieux comprendre leurs impacts, nous avons d\u00e9velopp\u00e9 des g\u00e9n\u00e9rateurs de champs magn\u00e9tiques allant jusqu&rsquo;\u00e0 une intensit\u00e9 de 2&rsquo;000 Gauss.<\/p>\n","protected":false},"excerpt":{"rendered":"<p>La plupart des montres m\u00e9caniques sont profond\u00e9ment affect\u00e9es par les champs magn\u00e9tiques. Afin de mieux comprendre leurs impacts, nous avons d\u00e9velopp\u00e9 des g\u00e9n\u00e9rateurs de champs magn\u00e9tiques allant jusqu&rsquo;\u00e0 une intensit\u00e9 de 2&rsquo;000 Gauss.<\/p>\n","protected":false},"author":6,"featured_media":0,"parent":0,"menu_order":0,"comment_status":"closed","ping_status":"closed","template":"product-landing-template.php","meta":{"footnotes":""},"acf":[],"yoast_head":"<!-- This site is optimized with the Yoast SEO plugin v21.3 - https:\/\/yoast.com\/wordpress\/plugins\/seo\/ -->\n<title>Outils de test du magn\u00e9tisme et d\u00e9magn\u00e9tiseurs horlogers - H2i<\/title>\n<meta name=\"description\" content=\"D\u00e9couvrez les outils uniques de test de magn\u00e9tisme pour les fabricants de montres et les dispositifs de d\u00e9magn\u00e9tisation.\" \/>\n<meta name=\"robots\" content=\"index, follow, max-snippet:-1, max-image-preview:large, max-video-preview:-1\" \/>\n<link rel=\"canonical\" href=\"https:\/\/staging.h2i.ch\/fr\/outil-test-magnetisme-horloger\/\" \/>\n<meta property=\"og:locale\" content=\"fr_FR\" \/>\n<meta property=\"og:type\" content=\"article\" \/>\n<meta property=\"og:title\" content=\"Outils de test du magn\u00e9tisme et d\u00e9magn\u00e9tiseurs horlogers - H2i\" \/>\n<meta property=\"og:description\" content=\"D\u00e9couvrez les outils uniques de test de magn\u00e9tisme pour les fabricants de montres et les dispositifs de d\u00e9magn\u00e9tisation.\" \/>\n<meta property=\"og:url\" content=\"https:\/\/staging.h2i.ch\/fr\/outil-test-magnetisme-horloger\/\" \/>\n<meta property=\"og:site_name\" content=\"H2i\" \/>\n<meta property=\"article:modified_time\" content=\"2023-09-26T11:11:41+00:00\" \/>\n<meta name=\"twitter:card\" content=\"summary_large_image\" \/>\n<meta name=\"twitter:label1\" content=\"Dur\u00e9e de lecture estim\u00e9e\" \/>\n\t<meta name=\"twitter:data1\" content=\"1 minute\" \/>\n<script type=\"application\/ld+json\" class=\"yoast-schema-graph\">{\"@context\":\"https:\/\/schema.org\",\"@graph\":[{\"@type\":\"WebPage\",\"@id\":\"https:\/\/staging.h2i.ch\/fr\/outil-test-magnetisme-horloger\/\",\"url\":\"https:\/\/staging.h2i.ch\/fr\/outil-test-magnetisme-horloger\/\",\"name\":\"Outils de test du magn\u00e9tisme et d\u00e9magn\u00e9tiseurs horlogers - H2i\",\"isPartOf\":{\"@id\":\"https:\/\/staging.h2i.ch\/fr\/#website\"},\"datePublished\":\"2021-05-19T06:46:26+00:00\",\"dateModified\":\"2023-09-26T11:11:41+00:00\",\"description\":\"D\u00e9couvrez les outils uniques de test de magn\u00e9tisme pour les fabricants de montres et les dispositifs de d\u00e9magn\u00e9tisation.\",\"breadcrumb\":{\"@id\":\"https:\/\/staging.h2i.ch\/fr\/outil-test-magnetisme-horloger\/#breadcrumb\"},\"inLanguage\":\"fr-FR\",\"potentialAction\":[{\"@type\":\"ReadAction\",\"target\":[\"https:\/\/staging.h2i.ch\/fr\/outil-test-magnetisme-horloger\/\"]}]},{\"@type\":\"BreadcrumbList\",\"@id\":\"https:\/\/staging.h2i.ch\/fr\/outil-test-magnetisme-horloger\/#breadcrumb\",\"itemListElement\":[{\"@type\":\"ListItem\",\"position\":1,\"name\":\"Page d'accueil\",\"item\":\"https:\/\/staging.h2i.ch\/fr\/\"},{\"@type\":\"ListItem\",\"position\":2,\"name\":\"Magn\u00e9tisme\"}]},{\"@type\":\"WebSite\",\"@id\":\"https:\/\/staging.h2i.ch\/fr\/#website\",\"url\":\"https:\/\/staging.h2i.ch\/fr\/\",\"name\":\"H2i\",\"description\":\"\",\"publisher\":{\"@id\":\"https:\/\/staging.h2i.ch\/fr\/#organization\"},\"potentialAction\":[{\"@type\":\"SearchAction\",\"target\":{\"@type\":\"EntryPoint\",\"urlTemplate\":\"https:\/\/staging.h2i.ch\/fr\/?s={search_term_string}\"},\"query-input\":\"required name=search_term_string\"}],\"inLanguage\":\"fr-FR\"},{\"@type\":\"Organization\",\"@id\":\"https:\/\/staging.h2i.ch\/fr\/#organization\",\"name\":\"H2i\",\"url\":\"https:\/\/staging.h2i.ch\/fr\/\",\"logo\":{\"@type\":\"ImageObject\",\"inLanguage\":\"fr-FR\",\"@id\":\"https:\/\/staging.h2i.ch\/fr\/#\/schema\/logo\/image\/\",\"url\":\"https:\/\/h2i.ch\/wp-content\/uploads\/2023\/03\/logo_H2i.jpg\",\"contentUrl\":\"https:\/\/h2i.ch\/wp-content\/uploads\/2023\/03\/logo_H2i.jpg\",\"width\":288,\"height\":144,\"caption\":\"H2i\"},\"image\":{\"@id\":\"https:\/\/staging.h2i.ch\/fr\/#\/schema\/logo\/image\/\"},\"sameAs\":[\"https:\/\/www.linkedin.com\/company\/h2i-swiss\/\",\"https:\/\/www.instagram.com\/oneof_swiss\/\"]}]}<\/script>\n<!-- \/ Yoast SEO plugin. -->","yoast_head_json":{"title":"Outils de test du magn\u00e9tisme et d\u00e9magn\u00e9tiseurs horlogers - H2i","description":"D\u00e9couvrez les outils uniques de test de magn\u00e9tisme pour les fabricants de montres et les dispositifs de d\u00e9magn\u00e9tisation.","robots":{"index":"index","follow":"follow","max-snippet":"max-snippet:-1","max-image-preview":"max-image-preview:large","max-video-preview":"max-video-preview:-1"},"canonical":"https:\/\/staging.h2i.ch\/fr\/outil-test-magnetisme-horloger\/","og_locale":"fr_FR","og_type":"article","og_title":"Outils de test du magn\u00e9tisme et d\u00e9magn\u00e9tiseurs horlogers - H2i","og_description":"D\u00e9couvrez les outils uniques de test de magn\u00e9tisme pour les fabricants de montres et les dispositifs de d\u00e9magn\u00e9tisation.","og_url":"https:\/\/staging.h2i.ch\/fr\/outil-test-magnetisme-horloger\/","og_site_name":"H2i","article_modified_time":"2023-09-26T11:11:41+00:00","twitter_card":"summary_large_image","twitter_misc":{"Dur\u00e9e de lecture estim\u00e9e":"1 minute"},"schema":{"@context":"https:\/\/schema.org","@graph":[{"@type":"WebPage","@id":"https:\/\/staging.h2i.ch\/fr\/outil-test-magnetisme-horloger\/","url":"https:\/\/staging.h2i.ch\/fr\/outil-test-magnetisme-horloger\/","name":"Outils de test du magn\u00e9tisme et d\u00e9magn\u00e9tiseurs horlogers - H2i","isPartOf":{"@id":"https:\/\/staging.h2i.ch\/fr\/#website"},"datePublished":"2021-05-19T06:46:26+00:00","dateModified":"2023-09-26T11:11:41+00:00","description":"D\u00e9couvrez les outils uniques de test de magn\u00e9tisme pour les fabricants de montres et les dispositifs de d\u00e9magn\u00e9tisation.","breadcrumb":{"@id":"https:\/\/staging.h2i.ch\/fr\/outil-test-magnetisme-horloger\/#breadcrumb"},"inLanguage":"fr-FR","potentialAction":[{"@type":"ReadAction","target":["https:\/\/staging.h2i.ch\/fr\/outil-test-magnetisme-horloger\/"]}]},{"@type":"BreadcrumbList","@id":"https:\/\/staging.h2i.ch\/fr\/outil-test-magnetisme-horloger\/#breadcrumb","itemListElement":[{"@type":"ListItem","position":1,"name":"Page d'accueil","item":"https:\/\/staging.h2i.ch\/fr\/"},{"@type":"ListItem","position":2,"name":"Magn\u00e9tisme"}]},{"@type":"WebSite","@id":"https:\/\/staging.h2i.ch\/fr\/#website","url":"https:\/\/staging.h2i.ch\/fr\/","name":"H2i","description":"","publisher":{"@id":"https:\/\/staging.h2i.ch\/fr\/#organization"},"potentialAction":[{"@type":"SearchAction","target":{"@type":"EntryPoint","urlTemplate":"https:\/\/staging.h2i.ch\/fr\/?s={search_term_string}"},"query-input":"required name=search_term_string"}],"inLanguage":"fr-FR"},{"@type":"Organization","@id":"https:\/\/staging.h2i.ch\/fr\/#organization","name":"H2i","url":"https:\/\/staging.h2i.ch\/fr\/","logo":{"@type":"ImageObject","inLanguage":"fr-FR","@id":"https:\/\/staging.h2i.ch\/fr\/#\/schema\/logo\/image\/","url":"https:\/\/h2i.ch\/wp-content\/uploads\/2023\/03\/logo_H2i.jpg","contentUrl":"https:\/\/h2i.ch\/wp-content\/uploads\/2023\/03\/logo_H2i.jpg","width":288,"height":144,"caption":"H2i"},"image":{"@id":"https:\/\/staging.h2i.ch\/fr\/#\/schema\/logo\/image\/"},"sameAs":["https:\/\/www.linkedin.com\/company\/h2i-swiss\/","https:\/\/www.instagram.com\/oneof_swiss\/"]}]}},"_links":{"self":[{"href":"https:\/\/staging.h2i.ch\/fr\/wp-json\/wp\/v2\/pages\/2478"}],"collection":[{"href":"https:\/\/staging.h2i.ch\/fr\/wp-json\/wp\/v2\/pages"}],"about":[{"href":"https:\/\/staging.h2i.ch\/fr\/wp-json\/wp\/v2\/types\/page"}],"author":[{"embeddable":true,"href":"https:\/\/staging.h2i.ch\/fr\/wp-json\/wp\/v2\/users\/6"}],"replies":[{"embeddable":true,"href":"https:\/\/staging.h2i.ch\/fr\/wp-json\/wp\/v2\/comments?post=2478"}],"version-history":[{"count":11,"href":"https:\/\/staging.h2i.ch\/fr\/wp-json\/wp\/v2\/pages\/2478\/revisions"}],"predecessor-version":[{"id":3216,"href":"https:\/\/staging.h2i.ch\/fr\/wp-json\/wp\/v2\/pages\/2478\/revisions\/3216"}],"wp:attachment":[{"href":"https:\/\/staging.h2i.ch\/fr\/wp-json\/wp\/v2\/media?parent=2478"}],"curies":[{"name":"wp","href":"https:\/\/api.w.org\/{rel}","templated":true}]}}