{"id":2477,"date":"2021-05-26T11:53:44","date_gmt":"2021-05-26T11:53:44","guid":{"rendered":"https:\/\/h2i.ch\/contact\/"},"modified":"2023-10-11T09:58:30","modified_gmt":"2023-10-11T09:58:30","slug":"contact","status":"publish","type":"page","link":"https:\/\/staging.h2i.ch\/fr\/contact\/","title":{"rendered":"Contact"},"content":{"rendered":"","protected":false},"excerpt":{"rendered":"","protected":false},"author":4,"featured_media":0,"parent":0,"menu_order":0,"comment_status":"closed","ping_status":"closed","template":"contact-template.php","meta":{"footnotes":""},"acf":[],"yoast_head":"<!-- This site is optimized with the Yoast SEO plugin v21.3 - https:\/\/yoast.com\/wordpress\/plugins\/seo\/ -->\n<title>Contact H2i - Experts suisses en mesures horlog\u00e8res<\/title>\n<meta name=\"description\" content=\"Contactez-nous pour organiser une d\u00e9monstration de nos appareils de contr\u00f4le et de d\u00e9magn\u00e9tisation ou discuter de vos besoins de mesure de montre.\" \/>\n<meta name=\"robots\" content=\"index, follow, max-snippet:-1, max-image-preview:large, max-video-preview:-1\" \/>\n<link rel=\"canonical\" href=\"https:\/\/staging.h2i.ch\/fr\/contact\/\" \/>\n<meta property=\"og:locale\" content=\"fr_FR\" \/>\n<meta property=\"og:type\" content=\"article\" \/>\n<meta property=\"og:title\" content=\"Contact H2i - Experts suisses en mesures horlog\u00e8res\" \/>\n<meta property=\"og:description\" content=\"Contactez-nous pour organiser une d\u00e9monstration de nos appareils de contr\u00f4le et de d\u00e9magn\u00e9tisation ou discuter de vos besoins de mesure de montre.\" \/>\n<meta property=\"og:url\" content=\"https:\/\/staging.h2i.ch\/fr\/contact\/\" \/>\n<meta property=\"og:site_name\" content=\"H2i\" \/>\n<meta property=\"article:modified_time\" content=\"2023-10-11T09:58:30+00:00\" \/>\n<meta name=\"twitter:card\" content=\"summary_large_image\" \/>\n<script type=\"application\/ld+json\" class=\"yoast-schema-graph\">{\"@context\":\"https:\/\/schema.org\",\"@graph\":[{\"@type\":\"WebPage\",\"@id\":\"https:\/\/staging.h2i.ch\/fr\/contact\/\",\"url\":\"https:\/\/staging.h2i.ch\/fr\/contact\/\",\"name\":\"Contact H2i - Experts suisses en mesures horlog\u00e8res\",\"isPartOf\":{\"@id\":\"https:\/\/staging.h2i.ch\/fr\/#website\"},\"datePublished\":\"2021-05-26T11:53:44+00:00\",\"dateModified\":\"2023-10-11T09:58:30+00:00\",\"description\":\"Contactez-nous pour organiser une d\u00e9monstration de nos appareils de contr\u00f4le et de d\u00e9magn\u00e9tisation ou discuter de vos besoins de mesure de montre.\",\"breadcrumb\":{\"@id\":\"https:\/\/staging.h2i.ch\/fr\/contact\/#breadcrumb\"},\"inLanguage\":\"fr-FR\",\"potentialAction\":[{\"@type\":\"ReadAction\",\"target\":[\"https:\/\/staging.h2i.ch\/fr\/contact\/\"]}]},{\"@type\":\"BreadcrumbList\",\"@id\":\"https:\/\/staging.h2i.ch\/fr\/contact\/#breadcrumb\",\"itemListElement\":[{\"@type\":\"ListItem\",\"position\":1,\"name\":\"Page d'accueil\",\"item\":\"https:\/\/staging.h2i.ch\/fr\/\"},{\"@type\":\"ListItem\",\"position\":2,\"name\":\"Contact\"}]},{\"@type\":\"WebSite\",\"@id\":\"https:\/\/staging.h2i.ch\/fr\/#website\",\"url\":\"https:\/\/staging.h2i.ch\/fr\/\",\"name\":\"H2i\",\"description\":\"\",\"publisher\":{\"@id\":\"https:\/\/staging.h2i.ch\/fr\/#organization\"},\"potentialAction\":[{\"@type\":\"SearchAction\",\"target\":{\"@type\":\"EntryPoint\",\"urlTemplate\":\"https:\/\/staging.h2i.ch\/fr\/?s={search_term_string}\"},\"query-input\":\"required name=search_term_string\"}],\"inLanguage\":\"fr-FR\"},{\"@type\":\"Organization\",\"@id\":\"https:\/\/staging.h2i.ch\/fr\/#organization\",\"name\":\"H2i\",\"url\":\"https:\/\/staging.h2i.ch\/fr\/\",\"logo\":{\"@type\":\"ImageObject\",\"inLanguage\":\"fr-FR\",\"@id\":\"https:\/\/staging.h2i.ch\/fr\/#\/schema\/logo\/image\/\",\"url\":\"https:\/\/h2i.ch\/wp-content\/uploads\/2023\/03\/logo_H2i.jpg\",\"contentUrl\":\"https:\/\/h2i.ch\/wp-content\/uploads\/2023\/03\/logo_H2i.jpg\",\"width\":288,\"height\":144,\"caption\":\"H2i\"},\"image\":{\"@id\":\"https:\/\/staging.h2i.ch\/fr\/#\/schema\/logo\/image\/\"},\"sameAs\":[\"https:\/\/www.linkedin.com\/company\/h2i-swiss\/\",\"https:\/\/www.instagram.com\/oneof_swiss\/\"]}]}<\/script>\n<!-- \/ Yoast SEO plugin. -->","yoast_head_json":{"title":"Contact H2i - Experts suisses en mesures horlog\u00e8res","description":"Contactez-nous pour organiser une d\u00e9monstration de nos appareils de contr\u00f4le et de d\u00e9magn\u00e9tisation ou discuter de vos besoins de mesure de montre.","robots":{"index":"index","follow":"follow","max-snippet":"max-snippet:-1","max-image-preview":"max-image-preview:large","max-video-preview":"max-video-preview:-1"},"canonical":"https:\/\/staging.h2i.ch\/fr\/contact\/","og_locale":"fr_FR","og_type":"article","og_title":"Contact H2i - Experts suisses en mesures horlog\u00e8res","og_description":"Contactez-nous pour organiser une d\u00e9monstration de nos appareils de contr\u00f4le et de d\u00e9magn\u00e9tisation ou discuter de vos besoins de mesure de montre.","og_url":"https:\/\/staging.h2i.ch\/fr\/contact\/","og_site_name":"H2i","article_modified_time":"2023-10-11T09:58:30+00:00","twitter_card":"summary_large_image","schema":{"@context":"https:\/\/schema.org","@graph":[{"@type":"WebPage","@id":"https:\/\/staging.h2i.ch\/fr\/contact\/","url":"https:\/\/staging.h2i.ch\/fr\/contact\/","name":"Contact H2i - Experts suisses en mesures horlog\u00e8res","isPartOf":{"@id":"https:\/\/staging.h2i.ch\/fr\/#website"},"datePublished":"2021-05-26T11:53:44+00:00","dateModified":"2023-10-11T09:58:30+00:00","description":"Contactez-nous pour organiser une d\u00e9monstration de nos appareils de contr\u00f4le et de d\u00e9magn\u00e9tisation ou discuter de vos besoins de mesure de montre.","breadcrumb":{"@id":"https:\/\/staging.h2i.ch\/fr\/contact\/#breadcrumb"},"inLanguage":"fr-FR","potentialAction":[{"@type":"ReadAction","target":["https:\/\/staging.h2i.ch\/fr\/contact\/"]}]},{"@type":"BreadcrumbList","@id":"https:\/\/staging.h2i.ch\/fr\/contact\/#breadcrumb","itemListElement":[{"@type":"ListItem","position":1,"name":"Page d'accueil","item":"https:\/\/staging.h2i.ch\/fr\/"},{"@type":"ListItem","position":2,"name":"Contact"}]},{"@type":"WebSite","@id":"https:\/\/staging.h2i.ch\/fr\/#website","url":"https:\/\/staging.h2i.ch\/fr\/","name":"H2i","description":"","publisher":{"@id":"https:\/\/staging.h2i.ch\/fr\/#organization"},"potentialAction":[{"@type":"SearchAction","target":{"@type":"EntryPoint","urlTemplate":"https:\/\/staging.h2i.ch\/fr\/?s={search_term_string}"},"query-input":"required name=search_term_string"}],"inLanguage":"fr-FR"},{"@type":"Organization","@id":"https:\/\/staging.h2i.ch\/fr\/#organization","name":"H2i","url":"https:\/\/staging.h2i.ch\/fr\/","logo":{"@type":"ImageObject","inLanguage":"fr-FR","@id":"https:\/\/staging.h2i.ch\/fr\/#\/schema\/logo\/image\/","url":"https:\/\/h2i.ch\/wp-content\/uploads\/2023\/03\/logo_H2i.jpg","contentUrl":"https:\/\/h2i.ch\/wp-content\/uploads\/2023\/03\/logo_H2i.jpg","width":288,"height":144,"caption":"H2i"},"image":{"@id":"https:\/\/staging.h2i.ch\/fr\/#\/schema\/logo\/image\/"},"sameAs":["https:\/\/www.linkedin.com\/company\/h2i-swiss\/","https:\/\/www.instagram.com\/oneof_swiss\/"]}]}},"_links":{"self":[{"href":"https:\/\/staging.h2i.ch\/fr\/wp-json\/wp\/v2\/pages\/2477"}],"collection":[{"href":"https:\/\/staging.h2i.ch\/fr\/wp-json\/wp\/v2\/pages"}],"about":[{"href":"https:\/\/staging.h2i.ch\/fr\/wp-json\/wp\/v2\/types\/page"}],"author":[{"embeddable":true,"href":"https:\/\/staging.h2i.ch\/fr\/wp-json\/wp\/v2\/users\/4"}],"replies":[{"embeddable":true,"href":"https:\/\/staging.h2i.ch\/fr\/wp-json\/wp\/v2\/comments?post=2477"}],"version-history":[{"count":14,"href":"https:\/\/staging.h2i.ch\/fr\/wp-json\/wp\/v2\/pages\/2477\/revisions"}],"predecessor-version":[{"id":4396,"href":"https:\/\/staging.h2i.ch\/fr\/wp-json\/wp\/v2\/pages\/2477\/revisions\/4396"}],"wp:attachment":[{"href":"https:\/\/staging.h2i.ch\/fr\/wp-json\/wp\/v2\/media?parent=2477"}],"curies":[{"name":"wp","href":"https:\/\/api.w.org\/{rel}","templated":true}]}}