{"id":2475,"date":"2021-11-01T15:19:42","date_gmt":"2021-11-01T15:19:42","guid":{"rendered":"https:\/\/h2i.ch\/h2i-quartz-watch-measurement-tool\/"},"modified":"2023-09-26T11:06:45","modified_gmt":"2023-09-26T11:06:45","slug":"outil-de-mesure-horloger-quartz","status":"publish","type":"page","link":"https:\/\/staging.h2i.ch\/fr\/outil-de-mesure-horloger-quartz\/","title":{"rendered":"Quartz"},"content":{"rendered":"<p>Passionn\u00e9 par le chronom\u00e9trage de qualit\u00e9, H2i poss\u00e8de de nombreuses ann\u00e9es d&rsquo;exp\u00e9rience dans le d\u00e9veloppement et le contr\u00f4le de mouvements \u00e0 quartz. Nous avons d\u00e9velopp\u00e9 une machine de mesure d&rsquo;une pr\u00e9cision de 0,01 s\/d pour les mesures chronom\u00e9triques et le contr\u00f4le des constantes \u00e9lectriques pour tous types de mouvements. Cette mesure a \u00e9galement \u00e9t\u00e9 coupl\u00e9e \u00e0 un contr\u00f4le d&rsquo;\u00e9tat optique afin de v\u00e9rifier l&rsquo;absence de d\u00e9faut moteur dans la mise en \u0153uvre des mouvements de la main.<\/p>\n","protected":false},"excerpt":{"rendered":"<p>Passionn\u00e9 par le chronom\u00e9trage de qualit\u00e9, H2i poss\u00e8de de nombreuses ann\u00e9es d&rsquo;exp\u00e9rience dans le d\u00e9veloppement et le contr\u00f4le de mouvements \u00e0 quartz. Nous avons d\u00e9velopp\u00e9 une machine de mesure d&rsquo;une pr\u00e9cision de 0,01 s\/d pour les mesures chronom\u00e9triques et le contr\u00f4le des constantes \u00e9lectriques pour tous types de mouvements. Cette mesure a \u00e9galement \u00e9t\u00e9 coupl\u00e9e [&hellip;]<\/p>\n","protected":false},"author":3,"featured_media":0,"parent":0,"menu_order":0,"comment_status":"closed","ping_status":"closed","template":"product-landing-template.php","meta":{"footnotes":""},"acf":[],"yoast_head":"<!-- This site is optimized with the Yoast SEO plugin v21.3 - https:\/\/yoast.com\/wordpress\/plugins\/seo\/ -->\n<title>Mesure du mouvement de la montre \u00e0 quartz - H2i<\/title>\n<meta name=\"description\" content=\"H2i propose un appareil de mesure de haute pr\u00e9cision pour mouvement de montre \u00e0 quartz avec contr\u00f4le des constantes \u00e9lectriques.\" \/>\n<meta name=\"robots\" content=\"index, follow, max-snippet:-1, max-image-preview:large, max-video-preview:-1\" \/>\n<link rel=\"canonical\" href=\"https:\/\/staging.h2i.ch\/fr\/outil-de-mesure-horloger-quartz\/\" \/>\n<meta property=\"og:locale\" content=\"fr_FR\" \/>\n<meta property=\"og:type\" content=\"article\" \/>\n<meta property=\"og:title\" content=\"Mesure du mouvement de la montre \u00e0 quartz - H2i\" \/>\n<meta property=\"og:description\" content=\"H2i propose un appareil de mesure de haute pr\u00e9cision pour mouvement de montre \u00e0 quartz avec contr\u00f4le des constantes \u00e9lectriques.\" \/>\n<meta property=\"og:url\" content=\"https:\/\/staging.h2i.ch\/fr\/outil-de-mesure-horloger-quartz\/\" \/>\n<meta property=\"og:site_name\" content=\"H2i\" \/>\n<meta property=\"article:modified_time\" content=\"2023-09-26T11:06:45+00:00\" \/>\n<meta name=\"twitter:card\" content=\"summary_large_image\" \/>\n<meta name=\"twitter:label1\" content=\"Dur\u00e9e de lecture estim\u00e9e\" \/>\n\t<meta name=\"twitter:data1\" content=\"1 minute\" \/>\n<script type=\"application\/ld+json\" class=\"yoast-schema-graph\">{\"@context\":\"https:\/\/schema.org\",\"@graph\":[{\"@type\":\"WebPage\",\"@id\":\"https:\/\/staging.h2i.ch\/fr\/outil-de-mesure-horloger-quartz\/\",\"url\":\"https:\/\/staging.h2i.ch\/fr\/outil-de-mesure-horloger-quartz\/\",\"name\":\"Mesure du mouvement de la montre \u00e0 quartz - H2i\",\"isPartOf\":{\"@id\":\"https:\/\/staging.h2i.ch\/fr\/#website\"},\"datePublished\":\"2021-11-01T15:19:42+00:00\",\"dateModified\":\"2023-09-26T11:06:45+00:00\",\"description\":\"H2i propose un appareil de mesure de haute pr\u00e9cision pour mouvement de montre \u00e0 quartz avec contr\u00f4le des constantes \u00e9lectriques.\",\"breadcrumb\":{\"@id\":\"https:\/\/staging.h2i.ch\/fr\/outil-de-mesure-horloger-quartz\/#breadcrumb\"},\"inLanguage\":\"fr-FR\",\"potentialAction\":[{\"@type\":\"ReadAction\",\"target\":[\"https:\/\/staging.h2i.ch\/fr\/outil-de-mesure-horloger-quartz\/\"]}]},{\"@type\":\"BreadcrumbList\",\"@id\":\"https:\/\/staging.h2i.ch\/fr\/outil-de-mesure-horloger-quartz\/#breadcrumb\",\"itemListElement\":[{\"@type\":\"ListItem\",\"position\":1,\"name\":\"Page d'accueil\",\"item\":\"https:\/\/staging.h2i.ch\/fr\/\"},{\"@type\":\"ListItem\",\"position\":2,\"name\":\"Quartz\"}]},{\"@type\":\"WebSite\",\"@id\":\"https:\/\/staging.h2i.ch\/fr\/#website\",\"url\":\"https:\/\/staging.h2i.ch\/fr\/\",\"name\":\"H2i\",\"description\":\"\",\"publisher\":{\"@id\":\"https:\/\/staging.h2i.ch\/fr\/#organization\"},\"potentialAction\":[{\"@type\":\"SearchAction\",\"target\":{\"@type\":\"EntryPoint\",\"urlTemplate\":\"https:\/\/staging.h2i.ch\/fr\/?s={search_term_string}\"},\"query-input\":\"required name=search_term_string\"}],\"inLanguage\":\"fr-FR\"},{\"@type\":\"Organization\",\"@id\":\"https:\/\/staging.h2i.ch\/fr\/#organization\",\"name\":\"H2i\",\"url\":\"https:\/\/staging.h2i.ch\/fr\/\",\"logo\":{\"@type\":\"ImageObject\",\"inLanguage\":\"fr-FR\",\"@id\":\"https:\/\/staging.h2i.ch\/fr\/#\/schema\/logo\/image\/\",\"url\":\"https:\/\/h2i.ch\/wp-content\/uploads\/2023\/03\/logo_H2i.jpg\",\"contentUrl\":\"https:\/\/h2i.ch\/wp-content\/uploads\/2023\/03\/logo_H2i.jpg\",\"width\":288,\"height\":144,\"caption\":\"H2i\"},\"image\":{\"@id\":\"https:\/\/staging.h2i.ch\/fr\/#\/schema\/logo\/image\/\"},\"sameAs\":[\"https:\/\/www.linkedin.com\/company\/h2i-swiss\/\",\"https:\/\/www.instagram.com\/oneof_swiss\/\"]}]}<\/script>\n<!-- \/ Yoast SEO plugin. -->","yoast_head_json":{"title":"Mesure du mouvement de la montre \u00e0 quartz - H2i","description":"H2i propose un appareil de mesure de haute pr\u00e9cision pour mouvement de montre \u00e0 quartz avec contr\u00f4le des constantes \u00e9lectriques.","robots":{"index":"index","follow":"follow","max-snippet":"max-snippet:-1","max-image-preview":"max-image-preview:large","max-video-preview":"max-video-preview:-1"},"canonical":"https:\/\/staging.h2i.ch\/fr\/outil-de-mesure-horloger-quartz\/","og_locale":"fr_FR","og_type":"article","og_title":"Mesure du mouvement de la montre \u00e0 quartz - H2i","og_description":"H2i propose un appareil de mesure de haute pr\u00e9cision pour mouvement de montre \u00e0 quartz avec contr\u00f4le des constantes \u00e9lectriques.","og_url":"https:\/\/staging.h2i.ch\/fr\/outil-de-mesure-horloger-quartz\/","og_site_name":"H2i","article_modified_time":"2023-09-26T11:06:45+00:00","twitter_card":"summary_large_image","twitter_misc":{"Dur\u00e9e de lecture estim\u00e9e":"1 minute"},"schema":{"@context":"https:\/\/schema.org","@graph":[{"@type":"WebPage","@id":"https:\/\/staging.h2i.ch\/fr\/outil-de-mesure-horloger-quartz\/","url":"https:\/\/staging.h2i.ch\/fr\/outil-de-mesure-horloger-quartz\/","name":"Mesure du mouvement de la montre \u00e0 quartz - H2i","isPartOf":{"@id":"https:\/\/staging.h2i.ch\/fr\/#website"},"datePublished":"2021-11-01T15:19:42+00:00","dateModified":"2023-09-26T11:06:45+00:00","description":"H2i propose un appareil de mesure de haute pr\u00e9cision pour mouvement de montre \u00e0 quartz avec contr\u00f4le des constantes \u00e9lectriques.","breadcrumb":{"@id":"https:\/\/staging.h2i.ch\/fr\/outil-de-mesure-horloger-quartz\/#breadcrumb"},"inLanguage":"fr-FR","potentialAction":[{"@type":"ReadAction","target":["https:\/\/staging.h2i.ch\/fr\/outil-de-mesure-horloger-quartz\/"]}]},{"@type":"BreadcrumbList","@id":"https:\/\/staging.h2i.ch\/fr\/outil-de-mesure-horloger-quartz\/#breadcrumb","itemListElement":[{"@type":"ListItem","position":1,"name":"Page d'accueil","item":"https:\/\/staging.h2i.ch\/fr\/"},{"@type":"ListItem","position":2,"name":"Quartz"}]},{"@type":"WebSite","@id":"https:\/\/staging.h2i.ch\/fr\/#website","url":"https:\/\/staging.h2i.ch\/fr\/","name":"H2i","description":"","publisher":{"@id":"https:\/\/staging.h2i.ch\/fr\/#organization"},"potentialAction":[{"@type":"SearchAction","target":{"@type":"EntryPoint","urlTemplate":"https:\/\/staging.h2i.ch\/fr\/?s={search_term_string}"},"query-input":"required name=search_term_string"}],"inLanguage":"fr-FR"},{"@type":"Organization","@id":"https:\/\/staging.h2i.ch\/fr\/#organization","name":"H2i","url":"https:\/\/staging.h2i.ch\/fr\/","logo":{"@type":"ImageObject","inLanguage":"fr-FR","@id":"https:\/\/staging.h2i.ch\/fr\/#\/schema\/logo\/image\/","url":"https:\/\/h2i.ch\/wp-content\/uploads\/2023\/03\/logo_H2i.jpg","contentUrl":"https:\/\/h2i.ch\/wp-content\/uploads\/2023\/03\/logo_H2i.jpg","width":288,"height":144,"caption":"H2i"},"image":{"@id":"https:\/\/staging.h2i.ch\/fr\/#\/schema\/logo\/image\/"},"sameAs":["https:\/\/www.linkedin.com\/company\/h2i-swiss\/","https:\/\/www.instagram.com\/oneof_swiss\/"]}]}},"_links":{"self":[{"href":"https:\/\/staging.h2i.ch\/fr\/wp-json\/wp\/v2\/pages\/2475"}],"collection":[{"href":"https:\/\/staging.h2i.ch\/fr\/wp-json\/wp\/v2\/pages"}],"about":[{"href":"https:\/\/staging.h2i.ch\/fr\/wp-json\/wp\/v2\/types\/page"}],"author":[{"embeddable":true,"href":"https:\/\/staging.h2i.ch\/fr\/wp-json\/wp\/v2\/users\/3"}],"replies":[{"embeddable":true,"href":"https:\/\/staging.h2i.ch\/fr\/wp-json\/wp\/v2\/comments?post=2475"}],"version-history":[{"count":9,"href":"https:\/\/staging.h2i.ch\/fr\/wp-json\/wp\/v2\/pages\/2475\/revisions"}],"predecessor-version":[{"id":4348,"href":"https:\/\/staging.h2i.ch\/fr\/wp-json\/wp\/v2\/pages\/2475\/revisions\/4348"}],"wp:attachment":[{"href":"https:\/\/staging.h2i.ch\/fr\/wp-json\/wp\/v2\/media?parent=2475"}],"curies":[{"name":"wp","href":"https:\/\/api.w.org\/{rel}","templated":true}]}}