{"id":2473,"date":"2021-11-10T10:50:31","date_gmt":"2021-11-10T10:50:31","guid":{"rendered":"https:\/\/h2i.ch\/about-h2i\/"},"modified":"2022-03-04T11:46:07","modified_gmt":"2022-03-04T11:46:07","slug":"a-propos-h2i","status":"publish","type":"page","link":"https:\/\/staging.h2i.ch\/fr\/a-propos-h2i\/","title":{"rendered":"A Propos d&rsquo;H2i"},"content":{"rendered":"<p>O\u00f9 que l&rsquo;on se trouve dans le monde &#8211; Paris, Gen\u00e8ve, New-York, Shanghai ou Sao Paulo &#8211; et quelles que soient les diff\u00e9rences culturelles, l&rsquo;acte d&rsquo;achat d&rsquo;une montre m\u00e9canique suisse r\u00e9pond partout aux m\u00eames crit\u00e8res d&rsquo;image de marque, de fonction, de style et, bien s\u00fbr, de prix. Les traditions s\u00e9culaires et l&rsquo;h\u00e9g\u00e9monie helv\u00e9tique sur le march\u00e9 de l&rsquo;horlogerie de luxe sont \u00e9troitement li\u00e9es \u00e0 la notion de qualit\u00e9. En effet, la \u00ab\u00a0fiabilit\u00e9\u00a0\u00bb \u00e9tait souvent n\u00e9glig\u00e9e car elle \u00e9tait consid\u00e9r\u00e9e comme intrins\u00e8que au produit. C&rsquo;est ce qu&rsquo;on appelle la \u00ab\u00a0perception du client\u00a0\u00bb.<\/p>\n<blockquote><p>La seule politesse d&rsquo;une montre n&rsquo;est-elle pas d&rsquo;indiquer l&rsquo;heure (exacte) ?<\/p><\/blockquote>\n<p>Mais c&rsquo;\u00e9tait sans compter sur une client\u00e8le de plus en plus inform\u00e9e. Comme dans d&rsquo;autres industries, l&rsquo;av\u00e8nement des blogs, des r\u00e9seaux sociaux et des revues sp\u00e9cialis\u00e9es ont mis en lumi\u00e8re certaines lacunes et surtout montr\u00e9 aux clients ce qu&rsquo;ils sont en droit d&rsquo;attendre. Apr\u00e8s des d\u00e9cennies d&rsquo;innovation produit et d&rsquo;\u00e9volution des concepts marketing, la fiabilit\u00e9 et l&rsquo;exp\u00e9rience client sont donc (\u00e0 nouveau) devenues des sujets majeurs pour l&rsquo;horlogerie suisse. Pour paraphraser M. Fran\u00e7ois-Paul Journe, \u00ab\u00a0la seule politesse d&rsquo;une montre n&rsquo;est-elle pas de donner l&rsquo;heure (exacte) ?\u00a0\u00bb.<\/p>\n<div id=\"attachment_1177\" style=\"width: 1090px\" class=\"wp-caption alignnone\"><img aria-describedby=\"caption-attachment-1177\" decoding=\"async\" loading=\"lazy\" class=\"wp-image-1177 size-full\" src=\"https:\/\/h2i.ch\/wp-content\/uploads\/2021\/11\/h2i-oneof-accuracy-boutique-edition.jpg\" alt=\"H2i ONEOF Accuracy Boutique Edition\" width=\"1080\" height=\"720\" srcset=\"https:\/\/staging.h2i.ch\/wp-content\/uploads\/2021\/11\/h2i-oneof-accuracy-boutique-edition.jpg 1080w, https:\/\/staging.h2i.ch\/wp-content\/uploads\/2021\/11\/h2i-oneof-accuracy-boutique-edition-300x200.jpg 300w, https:\/\/staging.h2i.ch\/wp-content\/uploads\/2021\/11\/h2i-oneof-accuracy-boutique-edition-1024x683.jpg 1024w, https:\/\/staging.h2i.ch\/wp-content\/uploads\/2021\/11\/h2i-oneof-accuracy-boutique-edition-768x512.jpg 768w\" sizes=\"(max-width: 1080px) 100vw, 1080px\" \/><p id=\"caption-attachment-1177\" class=\"wp-caption-text\">H2i ONEOF Accuracy Boutique Edition<\/p><\/div>\n<h2>Innovation centr\u00e9e sur l&rsquo;utilisateur<\/h2>\n<p>C&rsquo;est dans ce contexte que H2i (Horlogerie, Innovation et Instrumentation) est n\u00e9 il y a 5 ans. Conscients que la qualit\u00e9 serait un sujet crucial pour l&rsquo;horlogerie suisse d&rsquo;aujourd&rsquo;hui et de demain, les cofondateurs Jean-Charles Rousset et Emmanuel Baudet se sont donn\u00e9s pour mission de cr\u00e9er une nouvelle g\u00e9n\u00e9ration d&rsquo;outils de mesure pour les horlogers et les amateurs de montres.<\/p>\n<p>Quel que soit le public auquel ils s&rsquo;adressent : de l&rsquo;amateur de montres (Accuracy\u00b2) au d\u00e9taillant (Accuracy boutique edition), en passant par l&rsquo;horloger (Accuracy Pro &amp; maintenant Accuracy Motion) et jusqu&rsquo;aux lignes de production des manufactures suisses les plus haut de gamme (Modules HMS), l&rsquo;objectif des instruments H2i est le m\u00eame : offrir des solutions plus compactes, plus faciles \u00e0 utiliser, plus efficaces et plus raffin\u00e9es esth\u00e9tiquement, dans le but final d&rsquo;am\u00e9liorer la qualit\u00e9 globale des montres. En deux mots, \u00ab\u00a0plus\u00a0\u00bb et \u00ab\u00a0mieux\u00a0\u00bb.<\/p>\n<div id=\"attachment_1212\" style=\"width: 1090px\" class=\"wp-caption alignnone\"><img aria-describedby=\"caption-attachment-1212\" decoding=\"async\" loading=\"lazy\" class=\"wp-image-1212 size-full\" src=\"https:\/\/h2i.ch\/wp-content\/uploads\/2021\/11\/h2i-accuracy-motion-with-zeno-watch-1080-720.jpg\" alt=\"Zeno Watch mounted on the H2i Accuracy Motion\" width=\"1080\" height=\"720\" srcset=\"https:\/\/staging.h2i.ch\/wp-content\/uploads\/2021\/11\/h2i-accuracy-motion-with-zeno-watch-1080-720.jpg 1080w, https:\/\/staging.h2i.ch\/wp-content\/uploads\/2021\/11\/h2i-accuracy-motion-with-zeno-watch-1080-720-300x200.jpg 300w, https:\/\/staging.h2i.ch\/wp-content\/uploads\/2021\/11\/h2i-accuracy-motion-with-zeno-watch-1080-720-1024x683.jpg 1024w, https:\/\/staging.h2i.ch\/wp-content\/uploads\/2021\/11\/h2i-accuracy-motion-with-zeno-watch-1080-720-768x512.jpg 768w\" sizes=\"(max-width: 1080px) 100vw, 1080px\" \/><p id=\"caption-attachment-1212\" class=\"wp-caption-text\">Montre Zeno mont\u00e9e sur l&rsquo;Accuracy Motion H2i<\/p><\/div>\n<p>Pour ce faire, H2i fait volontairement abstractions des solutions existantes et n&rsquo;h\u00e9site pas \u00e0 cr\u00e9er de toutes pi\u00e8ces les technologies qui r\u00e9pondent efficacement aux besoins de ses clients, voire les anticipent. Ainsi, en pla\u00e7ant le client au centre de ses pr\u00e9occupations et de ses d\u00e9veloppements, la jeune entreprise devient rapidement un interlocuteur privil\u00e9gi\u00e9 pour les grandes Maisons horlog\u00e8res partageant les m\u00eames valeurs. De l&rsquo;innovation, oui, mais avec de r\u00e9els b\u00e9n\u00e9fices pour le client final.<\/p>\n<p>Aujourd&rsquo;hui, environ huit millions de montres sont produites chaque ann\u00e9e par les marques suisses, dont une grande partie est mise sur le march\u00e9 apr\u00e8s avoir \u00e9t\u00e9 contr\u00f4l\u00e9e et test\u00e9e par les solutions de pointe de H2i.<\/p>\n","protected":false},"excerpt":{"rendered":"<p>O\u00f9 que l&rsquo;on se trouve dans le monde &#8211; Paris, Gen\u00e8ve, New-York, Shanghai ou Sao Paulo &#8211; et quelles que soient les diff\u00e9rences culturelles, l&rsquo;acte d&rsquo;achat d&rsquo;une montre m\u00e9canique suisse r\u00e9pond partout aux m\u00eames crit\u00e8res d&rsquo;image de marque, de fonction, de style et, bien s\u00fbr, de prix. Les traditions s\u00e9culaires et l&rsquo;h\u00e9g\u00e9monie helv\u00e9tique sur le [&hellip;]<\/p>\n","protected":false},"author":2,"featured_media":0,"parent":0,"menu_order":0,"comment_status":"closed","ping_status":"closed","template":"template-without-sidebar.php","meta":{"footnotes":""},"acf":[],"yoast_head":"<!-- This site is optimized with the Yoast SEO plugin v21.3 - https:\/\/yoast.com\/wordpress\/plugins\/seo\/ -->\n<title>A Propos d&#039;H2i - Experts suisses en mesures horlog\u00e8res<\/title>\n<meta name=\"description\" content=\"H2i propose des solutions de pointe pour la mesure et le contr\u00f4le acoustiques, visuels et magn\u00e9tiques de la pr\u00e9cision et de la d\u00e9magn\u00e9tisation des montres.\" \/>\n<meta name=\"robots\" content=\"index, follow, max-snippet:-1, max-image-preview:large, max-video-preview:-1\" \/>\n<link rel=\"canonical\" href=\"https:\/\/staging.h2i.ch\/fr\/a-propos-h2i\/\" \/>\n<meta property=\"og:locale\" content=\"fr_FR\" \/>\n<meta property=\"og:type\" content=\"article\" \/>\n<meta property=\"og:title\" content=\"A Propos d&#039;H2i - Experts suisses en mesures horlog\u00e8res\" \/>\n<meta property=\"og:description\" content=\"H2i propose des solutions de pointe pour la mesure et le contr\u00f4le acoustiques, visuels et magn\u00e9tiques de la pr\u00e9cision et de la d\u00e9magn\u00e9tisation des montres.\" \/>\n<meta property=\"og:url\" content=\"https:\/\/staging.h2i.ch\/fr\/a-propos-h2i\/\" \/>\n<meta property=\"og:site_name\" content=\"H2i\" \/>\n<meta property=\"article:modified_time\" content=\"2022-03-04T11:46:07+00:00\" \/>\n<meta property=\"og:image\" content=\"https:\/\/h2i.ch\/wp-content\/uploads\/2021\/11\/h2i-oneof-accuracy-boutique-edition.jpg\" \/>\n<meta name=\"twitter:card\" content=\"summary_large_image\" \/>\n<meta name=\"twitter:label1\" content=\"Dur\u00e9e de lecture estim\u00e9e\" \/>\n\t<meta name=\"twitter:data1\" content=\"2 minutes\" \/>\n<script type=\"application\/ld+json\" class=\"yoast-schema-graph\">{\"@context\":\"https:\/\/schema.org\",\"@graph\":[{\"@type\":\"WebPage\",\"@id\":\"https:\/\/staging.h2i.ch\/fr\/a-propos-h2i\/\",\"url\":\"https:\/\/staging.h2i.ch\/fr\/a-propos-h2i\/\",\"name\":\"A Propos d'H2i - Experts suisses en mesures horlog\u00e8res\",\"isPartOf\":{\"@id\":\"https:\/\/staging.h2i.ch\/fr\/#website\"},\"datePublished\":\"2021-11-10T10:50:31+00:00\",\"dateModified\":\"2022-03-04T11:46:07+00:00\",\"description\":\"H2i propose des solutions de pointe pour la mesure et le contr\u00f4le acoustiques, visuels et magn\u00e9tiques de la pr\u00e9cision et de la d\u00e9magn\u00e9tisation des montres.\",\"breadcrumb\":{\"@id\":\"https:\/\/staging.h2i.ch\/fr\/a-propos-h2i\/#breadcrumb\"},\"inLanguage\":\"fr-FR\",\"potentialAction\":[{\"@type\":\"ReadAction\",\"target\":[\"https:\/\/staging.h2i.ch\/fr\/a-propos-h2i\/\"]}]},{\"@type\":\"BreadcrumbList\",\"@id\":\"https:\/\/staging.h2i.ch\/fr\/a-propos-h2i\/#breadcrumb\",\"itemListElement\":[{\"@type\":\"ListItem\",\"position\":1,\"name\":\"Page d'accueil\",\"item\":\"https:\/\/staging.h2i.ch\/fr\/\"},{\"@type\":\"ListItem\",\"position\":2,\"name\":\"A Propos d&rsquo;H2i\"}]},{\"@type\":\"WebSite\",\"@id\":\"https:\/\/staging.h2i.ch\/fr\/#website\",\"url\":\"https:\/\/staging.h2i.ch\/fr\/\",\"name\":\"H2i\",\"description\":\"\",\"publisher\":{\"@id\":\"https:\/\/staging.h2i.ch\/fr\/#organization\"},\"potentialAction\":[{\"@type\":\"SearchAction\",\"target\":{\"@type\":\"EntryPoint\",\"urlTemplate\":\"https:\/\/staging.h2i.ch\/fr\/?s={search_term_string}\"},\"query-input\":\"required name=search_term_string\"}],\"inLanguage\":\"fr-FR\"},{\"@type\":\"Organization\",\"@id\":\"https:\/\/staging.h2i.ch\/fr\/#organization\",\"name\":\"H2i\",\"url\":\"https:\/\/staging.h2i.ch\/fr\/\",\"logo\":{\"@type\":\"ImageObject\",\"inLanguage\":\"fr-FR\",\"@id\":\"https:\/\/staging.h2i.ch\/fr\/#\/schema\/logo\/image\/\",\"url\":\"https:\/\/h2i.ch\/wp-content\/uploads\/2023\/03\/logo_H2i.jpg\",\"contentUrl\":\"https:\/\/h2i.ch\/wp-content\/uploads\/2023\/03\/logo_H2i.jpg\",\"width\":288,\"height\":144,\"caption\":\"H2i\"},\"image\":{\"@id\":\"https:\/\/staging.h2i.ch\/fr\/#\/schema\/logo\/image\/\"},\"sameAs\":[\"https:\/\/www.linkedin.com\/company\/h2i-swiss\/\",\"https:\/\/www.instagram.com\/oneof_swiss\/\"]}]}<\/script>\n<!-- \/ Yoast SEO plugin. -->","yoast_head_json":{"title":"A Propos d'H2i - Experts suisses en mesures horlog\u00e8res","description":"H2i propose des solutions de pointe pour la mesure et le contr\u00f4le acoustiques, visuels et magn\u00e9tiques de la pr\u00e9cision et de la d\u00e9magn\u00e9tisation des montres.","robots":{"index":"index","follow":"follow","max-snippet":"max-snippet:-1","max-image-preview":"max-image-preview:large","max-video-preview":"max-video-preview:-1"},"canonical":"https:\/\/staging.h2i.ch\/fr\/a-propos-h2i\/","og_locale":"fr_FR","og_type":"article","og_title":"A Propos d'H2i - Experts suisses en mesures horlog\u00e8res","og_description":"H2i propose des solutions de pointe pour la mesure et le contr\u00f4le acoustiques, visuels et magn\u00e9tiques de la pr\u00e9cision et de la d\u00e9magn\u00e9tisation des montres.","og_url":"https:\/\/staging.h2i.ch\/fr\/a-propos-h2i\/","og_site_name":"H2i","article_modified_time":"2022-03-04T11:46:07+00:00","og_image":[{"url":"https:\/\/h2i.ch\/wp-content\/uploads\/2021\/11\/h2i-oneof-accuracy-boutique-edition.jpg"}],"twitter_card":"summary_large_image","twitter_misc":{"Dur\u00e9e de lecture estim\u00e9e":"2 minutes"},"schema":{"@context":"https:\/\/schema.org","@graph":[{"@type":"WebPage","@id":"https:\/\/staging.h2i.ch\/fr\/a-propos-h2i\/","url":"https:\/\/staging.h2i.ch\/fr\/a-propos-h2i\/","name":"A Propos d'H2i - Experts suisses en mesures horlog\u00e8res","isPartOf":{"@id":"https:\/\/staging.h2i.ch\/fr\/#website"},"datePublished":"2021-11-10T10:50:31+00:00","dateModified":"2022-03-04T11:46:07+00:00","description":"H2i propose des solutions de pointe pour la mesure et le contr\u00f4le acoustiques, visuels et magn\u00e9tiques de la pr\u00e9cision et de la d\u00e9magn\u00e9tisation des montres.","breadcrumb":{"@id":"https:\/\/staging.h2i.ch\/fr\/a-propos-h2i\/#breadcrumb"},"inLanguage":"fr-FR","potentialAction":[{"@type":"ReadAction","target":["https:\/\/staging.h2i.ch\/fr\/a-propos-h2i\/"]}]},{"@type":"BreadcrumbList","@id":"https:\/\/staging.h2i.ch\/fr\/a-propos-h2i\/#breadcrumb","itemListElement":[{"@type":"ListItem","position":1,"name":"Page d'accueil","item":"https:\/\/staging.h2i.ch\/fr\/"},{"@type":"ListItem","position":2,"name":"A Propos d&rsquo;H2i"}]},{"@type":"WebSite","@id":"https:\/\/staging.h2i.ch\/fr\/#website","url":"https:\/\/staging.h2i.ch\/fr\/","name":"H2i","description":"","publisher":{"@id":"https:\/\/staging.h2i.ch\/fr\/#organization"},"potentialAction":[{"@type":"SearchAction","target":{"@type":"EntryPoint","urlTemplate":"https:\/\/staging.h2i.ch\/fr\/?s={search_term_string}"},"query-input":"required name=search_term_string"}],"inLanguage":"fr-FR"},{"@type":"Organization","@id":"https:\/\/staging.h2i.ch\/fr\/#organization","name":"H2i","url":"https:\/\/staging.h2i.ch\/fr\/","logo":{"@type":"ImageObject","inLanguage":"fr-FR","@id":"https:\/\/staging.h2i.ch\/fr\/#\/schema\/logo\/image\/","url":"https:\/\/h2i.ch\/wp-content\/uploads\/2023\/03\/logo_H2i.jpg","contentUrl":"https:\/\/h2i.ch\/wp-content\/uploads\/2023\/03\/logo_H2i.jpg","width":288,"height":144,"caption":"H2i"},"image":{"@id":"https:\/\/staging.h2i.ch\/fr\/#\/schema\/logo\/image\/"},"sameAs":["https:\/\/www.linkedin.com\/company\/h2i-swiss\/","https:\/\/www.instagram.com\/oneof_swiss\/"]}]}},"_links":{"self":[{"href":"https:\/\/staging.h2i.ch\/fr\/wp-json\/wp\/v2\/pages\/2473"}],"collection":[{"href":"https:\/\/staging.h2i.ch\/fr\/wp-json\/wp\/v2\/pages"}],"about":[{"href":"https:\/\/staging.h2i.ch\/fr\/wp-json\/wp\/v2\/types\/page"}],"author":[{"embeddable":true,"href":"https:\/\/staging.h2i.ch\/fr\/wp-json\/wp\/v2\/users\/2"}],"replies":[{"embeddable":true,"href":"https:\/\/staging.h2i.ch\/fr\/wp-json\/wp\/v2\/comments?post=2473"}],"version-history":[{"count":4,"href":"https:\/\/staging.h2i.ch\/fr\/wp-json\/wp\/v2\/pages\/2473\/revisions"}],"predecessor-version":[{"id":2488,"href":"https:\/\/staging.h2i.ch\/fr\/wp-json\/wp\/v2\/pages\/2473\/revisions\/2488"}],"wp:attachment":[{"href":"https:\/\/staging.h2i.ch\/fr\/wp-json\/wp\/v2\/media?parent=2473"}],"curies":[{"name":"wp","href":"https:\/\/api.w.org\/{rel}","templated":true}]}}