{"id":2472,"date":"2021-11-11T14:41:10","date_gmt":"2021-11-11T14:41:10","guid":{"rendered":"https:\/\/h2i.ch\/return-policy\/"},"modified":"2022-03-11T12:42:56","modified_gmt":"2022-03-11T12:42:56","slug":"politque-de-retour","status":"publish","type":"page","link":"https:\/\/staging.h2i.ch\/fr\/politque-de-retour\/","title":{"rendered":"Politique de retour"},"content":{"rendered":"<h2>Retour<\/h2>\n<p>Notre politique de retour dure 30 jours. Si 30 jours se sont \u00e9coul\u00e9s depuis votre achat, nous ne pouvons malheureusement pas vous offrir un remboursement ou un \u00e9change.<\/p>\n<p>Pour \u00eatre admissible \u00e0 un retour, votre article doit \u00eatre inutilis\u00e9 et dans le m\u00eame \u00e9tat que vous l&rsquo;avez re\u00e7u. Il doit \u00e9galement \u00eatre dans l&#8217;emballage d&rsquo;origine.<\/p>\n<p>Ces types de marchandises sont exempt\u00e9es de retour :<\/p>\n<p>Cartes cadeaux<br \/>\nProduits logiciels t\u00e9l\u00e9chargeables<\/p>\n<p>Pour compl\u00e9ter votre retour, nous avons besoin d&rsquo;un re\u00e7u ou d&rsquo;une preuve d&rsquo;achat.<\/p>\n<p>Veuillez ne pas renvoyer votre achat au fabricant.<\/p>\n<h2>Remboursements<\/h2>\n<p>Une fois votre retour re\u00e7u et inspect\u00e9, nous vous enverrons un e-mail pour vous informer que nous avons re\u00e7u votre article retourn\u00e9. Nous vous informerons \u00e9galement de l&rsquo;approbation ou du rejet de votre remboursement.<br \/>\nS&rsquo;il est approuv\u00e9, votre remboursement sera trait\u00e9 et un cr\u00e9dit sera automatiquement appliqu\u00e9 \u00e0 votre carte de cr\u00e9dit ou \u00e0 votre mode de paiement d&rsquo;origine, dans un certain nombre de jours.<\/p>\n<h3>Remboursements en retard ou manquants (le cas \u00e9ch\u00e9ant)<\/h3>\n<p>Si vous n&rsquo;avez pas encore re\u00e7u de remboursement, v\u00e9rifiez d&rsquo;abord \u00e0 nouveau votre compte bancaire. Contactez ensuite votre compagnie de carte de cr\u00e9dit, cela peut prendre un certain temps avant que votre remboursement ne soit officiellement affich\u00e9. Contactez ensuite votre banque. Il y a souvent un certain temps de traitement avant qu&rsquo;un remboursement ne soit affich\u00e9. Si vous avez fait tout cela et que vous n&rsquo;avez toujours pas re\u00e7u votre remboursement, veuillez nous contacter \u00e0 info@one-of.com.<\/p>\n<h3>Articles en solde (le cas \u00e9ch\u00e9ant)<\/h3>\n<p>Seuls les articles \u00e0 prix r\u00e9gulier peuvent \u00eatre rembours\u00e9s, malheureusement les articles en solde ne peuvent pas \u00eatre rembours\u00e9s.<\/p>\n<h2>\u00c9changes (le cas \u00e9ch\u00e9ant)<\/h2>\n<p>Nous ne rempla\u00e7ons les articles que s&rsquo;ils sont d\u00e9fectueux ou endommag\u00e9s. Si vous avez besoin de l&rsquo;\u00e9changer contre le m\u00eame article, envoyez-nous un e-mail \u00e0 <a href=\"mailto:info@one-of.com\">info@one-of.com<\/a> et envoyez votre article \u00e0 :<\/p>\n<p><strong>Petitpierre SA<\/strong><br \/>\nChemin des Murgiers 12<br \/>\nCH-2016 Cortaillod<br \/>\nla Suisse<\/p>\n<h2>Cadeaux<\/h2>\n<p>Si l&rsquo;article a \u00e9t\u00e9 marqu\u00e9 comme cadeau lors de son achat et qu&rsquo;il vous a \u00e9t\u00e9 exp\u00e9di\u00e9 directement, vous recevrez un cr\u00e9dit-cadeau correspondant \u00e0 la valeur de votre retour. Une fois l&rsquo;article retourn\u00e9 re\u00e7u, un ch\u00e8que-cadeau vous sera envoy\u00e9 par la poste.<\/p>\n<p>Si l&rsquo;article n&rsquo;a pas \u00e9t\u00e9 marqu\u00e9 comme cadeau lors de l&rsquo;achat, ou si le donateur s&rsquo;est fait exp\u00e9dier la commande pour vous la donner plus tard, nous enverrons un remboursement au donateur et il se renseignera sur votre retour.<\/p>\n<h2>Exp\u00e9dition<\/h2>\n<p>Pour retourner votre produit, vous devez envoyer votre produit \u00e0 :<\/p>\n<p><strong>Petitpierre SA<\/strong><br \/>\nChemin des Murgiers 12<br \/>\nCH-2016 Cortaillod<br \/>\nla Suisse<\/p>\n<p>Vous serez responsable de payer vos propres frais d&rsquo;exp\u00e9dition pour le retour de votre article. Les frais d&rsquo;exp\u00e9dition ne sont pas remboursables. Si vous recevez un remboursement, les frais de retour seront d\u00e9duits de votre remboursement.<\/p>\n<p>Selon l&rsquo;endroit o\u00f9 vous vivez, le temps n\u00e9cessaire pour que votre produit \u00e9chang\u00e9 vous parvienne peut varier.<\/p>\n<p>Si vous exp\u00e9diez un article de plus de 75 $, vous devriez envisager d&rsquo;utiliser un service d&rsquo;exp\u00e9dition avec suivi ou de souscrire une assurance d&rsquo;exp\u00e9dition. Nous ne garantissons pas que nous recevrons votre article retourn\u00e9.<\/p>\n","protected":false},"excerpt":{"rendered":"<p>Retour Notre politique de retour dure 30 jours. Si 30 jours se sont \u00e9coul\u00e9s depuis votre achat, nous ne pouvons malheureusement pas vous offrir un remboursement ou un \u00e9change. Pour \u00eatre admissible \u00e0 un retour, votre article doit \u00eatre inutilis\u00e9 et dans le m\u00eame \u00e9tat que vous l&rsquo;avez re\u00e7u. Il doit \u00e9galement \u00eatre dans l&#8217;emballage [&hellip;]<\/p>\n","protected":false},"author":2,"featured_media":0,"parent":0,"menu_order":0,"comment_status":"closed","ping_status":"closed","template":"template-with-sidebar.php","meta":{"footnotes":""},"acf":[],"yoast_head":"<!-- This site is optimized with the Yoast SEO plugin v21.3 - https:\/\/yoast.com\/wordpress\/plugins\/seo\/ -->\n<title>Politique de retour pour les instruments de mesure de H2i<\/title>\n<meta name=\"description\" content=\"D\u00e9couvrez notre politique de retour et comment nous contacter si vous avez besoin d&#039;\u00e9changer ou de rembourser votre appareil de mesure de montre de H2i.\" \/>\n<meta name=\"robots\" content=\"index, follow, max-snippet:-1, max-image-preview:large, max-video-preview:-1\" \/>\n<link rel=\"canonical\" href=\"https:\/\/staging.h2i.ch\/fr\/politque-de-retour\/\" \/>\n<meta property=\"og:locale\" content=\"fr_FR\" \/>\n<meta property=\"og:type\" content=\"article\" \/>\n<meta property=\"og:title\" content=\"Politique de retour pour les instruments de mesure de H2i\" \/>\n<meta property=\"og:description\" content=\"D\u00e9couvrez notre politique de retour et comment nous contacter si vous avez besoin d&#039;\u00e9changer ou de rembourser votre appareil de mesure de montre de H2i.\" \/>\n<meta property=\"og:url\" content=\"https:\/\/staging.h2i.ch\/fr\/politque-de-retour\/\" \/>\n<meta property=\"og:site_name\" content=\"H2i\" \/>\n<meta property=\"article:modified_time\" content=\"2022-03-11T12:42:56+00:00\" \/>\n<meta name=\"twitter:card\" content=\"summary_large_image\" \/>\n<meta name=\"twitter:label1\" content=\"Dur\u00e9e de lecture estim\u00e9e\" \/>\n\t<meta name=\"twitter:data1\" content=\"3 minutes\" \/>\n<script type=\"application\/ld+json\" class=\"yoast-schema-graph\">{\"@context\":\"https:\/\/schema.org\",\"@graph\":[{\"@type\":\"WebPage\",\"@id\":\"https:\/\/staging.h2i.ch\/fr\/politque-de-retour\/\",\"url\":\"https:\/\/staging.h2i.ch\/fr\/politque-de-retour\/\",\"name\":\"Politique de retour pour les instruments de mesure de H2i\",\"isPartOf\":{\"@id\":\"https:\/\/staging.h2i.ch\/fr\/#website\"},\"datePublished\":\"2021-11-11T14:41:10+00:00\",\"dateModified\":\"2022-03-11T12:42:56+00:00\",\"description\":\"D\u00e9couvrez notre politique de retour et comment nous contacter si vous avez besoin d'\u00e9changer ou de rembourser votre appareil de mesure de montre de H2i.\",\"breadcrumb\":{\"@id\":\"https:\/\/staging.h2i.ch\/fr\/politque-de-retour\/#breadcrumb\"},\"inLanguage\":\"fr-FR\",\"potentialAction\":[{\"@type\":\"ReadAction\",\"target\":[\"https:\/\/staging.h2i.ch\/fr\/politque-de-retour\/\"]}]},{\"@type\":\"BreadcrumbList\",\"@id\":\"https:\/\/staging.h2i.ch\/fr\/politque-de-retour\/#breadcrumb\",\"itemListElement\":[{\"@type\":\"ListItem\",\"position\":1,\"name\":\"Page d'accueil\",\"item\":\"https:\/\/staging.h2i.ch\/fr\/\"},{\"@type\":\"ListItem\",\"position\":2,\"name\":\"Politique de retour\"}]},{\"@type\":\"WebSite\",\"@id\":\"https:\/\/staging.h2i.ch\/fr\/#website\",\"url\":\"https:\/\/staging.h2i.ch\/fr\/\",\"name\":\"H2i\",\"description\":\"\",\"publisher\":{\"@id\":\"https:\/\/staging.h2i.ch\/fr\/#organization\"},\"potentialAction\":[{\"@type\":\"SearchAction\",\"target\":{\"@type\":\"EntryPoint\",\"urlTemplate\":\"https:\/\/staging.h2i.ch\/fr\/?s={search_term_string}\"},\"query-input\":\"required name=search_term_string\"}],\"inLanguage\":\"fr-FR\"},{\"@type\":\"Organization\",\"@id\":\"https:\/\/staging.h2i.ch\/fr\/#organization\",\"name\":\"H2i\",\"url\":\"https:\/\/staging.h2i.ch\/fr\/\",\"logo\":{\"@type\":\"ImageObject\",\"inLanguage\":\"fr-FR\",\"@id\":\"https:\/\/staging.h2i.ch\/fr\/#\/schema\/logo\/image\/\",\"url\":\"https:\/\/h2i.ch\/wp-content\/uploads\/2023\/03\/logo_H2i.jpg\",\"contentUrl\":\"https:\/\/h2i.ch\/wp-content\/uploads\/2023\/03\/logo_H2i.jpg\",\"width\":288,\"height\":144,\"caption\":\"H2i\"},\"image\":{\"@id\":\"https:\/\/staging.h2i.ch\/fr\/#\/schema\/logo\/image\/\"},\"sameAs\":[\"https:\/\/www.linkedin.com\/company\/h2i-swiss\/\",\"https:\/\/www.instagram.com\/oneof_swiss\/\"]}]}<\/script>\n<!-- \/ Yoast SEO plugin. -->","yoast_head_json":{"title":"Politique de retour pour les instruments de mesure de H2i","description":"D\u00e9couvrez notre politique de retour et comment nous contacter si vous avez besoin d'\u00e9changer ou de rembourser votre appareil de mesure de montre de H2i.","robots":{"index":"index","follow":"follow","max-snippet":"max-snippet:-1","max-image-preview":"max-image-preview:large","max-video-preview":"max-video-preview:-1"},"canonical":"https:\/\/staging.h2i.ch\/fr\/politque-de-retour\/","og_locale":"fr_FR","og_type":"article","og_title":"Politique de retour pour les instruments de mesure de H2i","og_description":"D\u00e9couvrez notre politique de retour et comment nous contacter si vous avez besoin d'\u00e9changer ou de rembourser votre appareil de mesure de montre de H2i.","og_url":"https:\/\/staging.h2i.ch\/fr\/politque-de-retour\/","og_site_name":"H2i","article_modified_time":"2022-03-11T12:42:56+00:00","twitter_card":"summary_large_image","twitter_misc":{"Dur\u00e9e de lecture estim\u00e9e":"3 minutes"},"schema":{"@context":"https:\/\/schema.org","@graph":[{"@type":"WebPage","@id":"https:\/\/staging.h2i.ch\/fr\/politque-de-retour\/","url":"https:\/\/staging.h2i.ch\/fr\/politque-de-retour\/","name":"Politique de retour pour les instruments de mesure de H2i","isPartOf":{"@id":"https:\/\/staging.h2i.ch\/fr\/#website"},"datePublished":"2021-11-11T14:41:10+00:00","dateModified":"2022-03-11T12:42:56+00:00","description":"D\u00e9couvrez notre politique de retour et comment nous contacter si vous avez besoin d'\u00e9changer ou de rembourser votre appareil de mesure de montre de H2i.","breadcrumb":{"@id":"https:\/\/staging.h2i.ch\/fr\/politque-de-retour\/#breadcrumb"},"inLanguage":"fr-FR","potentialAction":[{"@type":"ReadAction","target":["https:\/\/staging.h2i.ch\/fr\/politque-de-retour\/"]}]},{"@type":"BreadcrumbList","@id":"https:\/\/staging.h2i.ch\/fr\/politque-de-retour\/#breadcrumb","itemListElement":[{"@type":"ListItem","position":1,"name":"Page d'accueil","item":"https:\/\/staging.h2i.ch\/fr\/"},{"@type":"ListItem","position":2,"name":"Politique de retour"}]},{"@type":"WebSite","@id":"https:\/\/staging.h2i.ch\/fr\/#website","url":"https:\/\/staging.h2i.ch\/fr\/","name":"H2i","description":"","publisher":{"@id":"https:\/\/staging.h2i.ch\/fr\/#organization"},"potentialAction":[{"@type":"SearchAction","target":{"@type":"EntryPoint","urlTemplate":"https:\/\/staging.h2i.ch\/fr\/?s={search_term_string}"},"query-input":"required name=search_term_string"}],"inLanguage":"fr-FR"},{"@type":"Organization","@id":"https:\/\/staging.h2i.ch\/fr\/#organization","name":"H2i","url":"https:\/\/staging.h2i.ch\/fr\/","logo":{"@type":"ImageObject","inLanguage":"fr-FR","@id":"https:\/\/staging.h2i.ch\/fr\/#\/schema\/logo\/image\/","url":"https:\/\/h2i.ch\/wp-content\/uploads\/2023\/03\/logo_H2i.jpg","contentUrl":"https:\/\/h2i.ch\/wp-content\/uploads\/2023\/03\/logo_H2i.jpg","width":288,"height":144,"caption":"H2i"},"image":{"@id":"https:\/\/staging.h2i.ch\/fr\/#\/schema\/logo\/image\/"},"sameAs":["https:\/\/www.linkedin.com\/company\/h2i-swiss\/","https:\/\/www.instagram.com\/oneof_swiss\/"]}]}},"_links":{"self":[{"href":"https:\/\/staging.h2i.ch\/fr\/wp-json\/wp\/v2\/pages\/2472"}],"collection":[{"href":"https:\/\/staging.h2i.ch\/fr\/wp-json\/wp\/v2\/pages"}],"about":[{"href":"https:\/\/staging.h2i.ch\/fr\/wp-json\/wp\/v2\/types\/page"}],"author":[{"embeddable":true,"href":"https:\/\/staging.h2i.ch\/fr\/wp-json\/wp\/v2\/users\/2"}],"replies":[{"embeddable":true,"href":"https:\/\/staging.h2i.ch\/fr\/wp-json\/wp\/v2\/comments?post=2472"}],"version-history":[{"count":6,"href":"https:\/\/staging.h2i.ch\/fr\/wp-json\/wp\/v2\/pages\/2472\/revisions"}],"predecessor-version":[{"id":2866,"href":"https:\/\/staging.h2i.ch\/fr\/wp-json\/wp\/v2\/pages\/2472\/revisions\/2866"}],"wp:attachment":[{"href":"https:\/\/staging.h2i.ch\/fr\/wp-json\/wp\/v2\/media?parent=2472"}],"curies":[{"name":"wp","href":"https:\/\/api.w.org\/{rel}","templated":true}]}}