{"id":2468,"date":"2021-11-14T13:33:56","date_gmt":"2021-11-14T13:33:56","guid":{"rendered":"https:\/\/h2i.ch\/accuracy-boutique-edition-user-guide\/"},"modified":"2023-10-31T13:02:16","modified_gmt":"2023-10-31T13:02:16","slug":"guide-utilisation-accuracy-boutique-edition","status":"publish","type":"page","link":"https:\/\/staging.h2i.ch\/fr\/support\/guide-utilisation-accuracy-boutique-edition\/","title":{"rendered":"Guide d&rsquo;utilisation de l&rsquo;Accuracy Boutique Edition"},"content":{"rendered":"<h1>Guide d&rsquo;utilisation du ONEOF\u00ae Accuracy Boutique Edition<\/h1>\n<p>Le ONEOF\u00ae Accuracy Boutique Edition est con\u00e7u pour \u00eatre connect\u00e9 via USB, \u00e9liminant ainsi le besoin d&rsquo;une alimentation externe. Sa fonction principale permet l&rsquo;\u00e9valuation rapide de la performance d&rsquo;une montre en seulement deux minutes. En identifiant efficacement et en r\u00e9solvant les probl\u00e8mes au niveau de la boutique, elle a le potentiel de r\u00e9duire directement jusqu&rsquo;\u00e0 20 % des demandes de retour en service apr\u00e8s vente, entra\u00eenant ainsi une nette am\u00e9lioration de la satisfaction du client. Cette avanc\u00e9e technique dans la vente de montres promet d&rsquo;am\u00e9liorer l&rsquo;exp\u00e9rience d&rsquo;achat globale et de r\u00e9duire les complications apr\u00e8s l&rsquo;achat.<\/p>\n<h2>Pr\u00e9paration de l&rsquo;Application ONEOF\u00ae Accuracy<\/h2>\n<h3>Installation<\/h3>\n<p>Avant de commencer, assurez-vous d&rsquo;avoir t\u00e9l\u00e9charg\u00e9 et install\u00e9 l&rsquo;application ONEOF\u00ae Accuracy sur votre smartphone ou votre tablette. Vous pouvez trouver l&rsquo;application iOS ONEOF\u00ae Accuracy directement sur l&rsquo;App Store.<\/p>\n<div style=\"width: 150px;\">\n  <a href=\"https:\/\/apps.apple.com\/us\/app\/oneof-accuracy\/id978082931\" target=\"_blank\" rel=\"noopener\"><br \/>\n    <img decoding=\"async\" src=\"\/wp-content\/uploads\/2021\/11\/App-Store-icon.png\" alt=\"Ic\u00f4ne de l'App Store\" \/><br \/>\n  <\/a>\n<\/div>\n<h3>Connexion du Capteur<\/h3>\n<p>Pour initier le processus, assurez-vous que l&rsquo;application Accuracy est ouverte sur votre smartphone ou votre tablette. Ensuite, connectez votre appareil au ONEOF\u00ae Accuracy Boutique Edition \u00e0 l&rsquo;aide des connecteurs fournis. Cette connexion est essentielle pour d\u00e9bloquer toutes les fonctionnalit\u00e9s de l&rsquo;application.<\/p>\n<div class=\"col-md media-container\">\n  <img decoding=\"async\" src=\"\/wp-content\/uploads\/2021\/11\/ONEOF-Accuracy-Boutique-Edition-User-Guide-Plugin.png\" alt=\"Connect Accuracy Boutique Edition to Smartphone or Tablet\" \/><\/p>\n<p>Connexion du capteur<\/p>\n<\/div>\n<h3>Remontage de la Montre<\/h3>\n<p>Dans le cas o\u00f9 la montre est \u00e9quip\u00e9e d&rsquo;une couronne viss\u00e9e, commencez par d\u00e9visser la couronne. Ensuite, assurez-vous de remonter compl\u00e8tement la montre en tournant la couronne dans le sens des aiguilles d&rsquo;une montre.<\/p>\n<div class=\"col-md media-container\">\n  <img decoding=\"async\" src=\"\/wp-content\/uploads\/2021\/11\/ONEOF-Accuracy-Boutique-Edition-Wind-Watch.jpg\" alt=\"Montre \u00e0 couronne viss\u00e9e r\u00e9glage manuel\" \/><\/p>\n<p>Remontage de la montre<\/p>\n<\/div>\n<h3>Positionnement de la Montre sur le Capteur<\/h3>\n<p>Placez d\u00e9licatement la montre sur le capteur, en veillant \u00e0 ce que la couronne de la montre repose sur la partie en aluminium finement bross\u00e9e.<\/p>\n<div class=\"col-md media-container\">\n  <img decoding=\"async\" src=\"\/wp-content\/uploads\/2021\/11\/ONEOF-Accuracy-Boutique-Edition-Place.jpg\" alt=\"ONEOF Accuracy Boutique Edition, montre plac\u00e9e sur le capteur\" \/><\/p>\n<p>Positionnement de la montre<\/p>\n<\/div>\n<h2>Mesure de la Montre<\/h2>\n<p>Apr\u00e8s avoir plac\u00e9 la montre sur le capteur, l&rsquo;application d\u00e9tectera automatiquement sa pr\u00e9sence et initialisera la mesure. En moins de 30 secondes, la pr\u00e9cision de la montre sera clairement affich\u00e9e en haut de l&rsquo;\u00e9cran. Vos actions suivantes seront guid\u00e9es par les r\u00e9sultats de la mesure. <em>Il est important de noter que le processus de mesure se poursuivra tant que la montre restera sur le capteur.<\/em><\/p>\n<div class=\"media-container\">\n  <video muted=\"\" controls=\"controls\"><source src=\"\/wp-content\/uploads\/2023\/10\/ONEOF_App_video_iPad_UserManual_Measurement.mp4\" type=\"video\/mp4\" \/><\/video><\/p>\n<p>Mesure de la montre<\/p>\n<\/div>\n<h2>Interpr\u00e9tation des R\u00e9sultats de la Mesure<\/h2>\n<p>Si les r\u00e9sultats de la mesure indiquent que la pr\u00e9cision de la montre est stable et se situe dans les limites sp\u00e9cifi\u00e9es, g\u00e9n\u00e9ralement entre -20 et +20 secondes par jour, la montre fonctionne correctement et ne n\u00e9cessite pas de d\u00e9magn\u00e9tisation. <em>Il est important de comprendre que de l\u00e9g\u00e8res fluctuations de quelques secondes par jour peuvent survenir, en particulier si la montre est test\u00e9e dans diff\u00e9rentes positions.<\/em><\/p>\n<div class=\"media-container\">\n<video muted=\"\" controls=\"controls\"><source src=\"\/wp-content\/uploads\/2023\/10\/ONEOF_App_video_iPad_UserManual_Measurement_mockup_OK.mp4\" type=\"video\/mp4\" \/><\/video><\/p>\n<p>Mesure dans la plage sp\u00e9cifi\u00e9e<\/p>\n<\/div>\n<p>Si les r\u00e9sultats de la mesure r\u00e9v\u00e8lent des fluctuations en dehors de la plage sp\u00e9cifi\u00e9e, il est recommand\u00e9 de poursuivre avec le processus de d\u00e9magn\u00e9tisation.<\/p>\n<div class=\"media-container\">\n  <video muted=\"\" controls=\"controls\"><source src=\"\/wp-content\/uploads\/2023\/10\/ONEOF_App_video_iPad_UserManual_Measurement_mockup_KO.mp4\" type=\"video\/mp4\" \/><\/video><\/p>\n<p>Mesure en dehors de la plage sp\u00e9cifi\u00e9e<\/p>\n<\/div>\n<h2>D\u00e9magn\u00e9tisation d&rsquo;une Montre M\u00e9canique<\/h2>\n<h3>Initiation du Processus de D\u00e9magn\u00e9tisation<\/h3>\n<p>Appuyez sur le bouton \u00ab\u00a0Demag\u00a0\u00bb (d\u00e9sormais repr\u00e9sent\u00e9 par une ic\u00f4ne d&rsquo;\u00e9clair) situ\u00e9 dans le coin sup\u00e9rieur droit de l&rsquo;\u00e9cran. Apr\u00e8s un compte \u00e0 rebours de 3 secondes (indiqu\u00e9 par la barre de progression bleue), le processus de d\u00e9magn\u00e9tisation commencera. Cela implique l&rsquo;\u00e9mission d&rsquo;une br\u00e8ve impulsion magn\u00e9tique haute fr\u00e9quence directement sous le capteur Accuracy Boutique Edition, d\u00e9magn\u00e9tisant efficacement le spiral de la montre.<\/p>\n<div class=\"media-container\">\n<img decoding=\"async\" src=\"\/wp-content\/uploads\/2021\/11\/accuracy-boutique-edition-demagnetizing-mechanica-watch.png\" alt=\"Accuracy Boutique Edition Demagnetizing Mechanica Match\"\/><\/p>\n<p>D\u00e9magn\u00e9tisation d&rsquo;une montre m\u00e9canique<\/p>\n<\/div>\n<h3>Acc\u00e8s aux R\u00e9sultats de la Mesure<\/h3>\n<p>Apr\u00e8s la fin du processus de d\u00e9magn\u00e9tisation, l&rsquo;application initiera automatiquement une nouvelle analyse, comme indiqu\u00e9 par la barre de progression blanche. Si le probl\u00e8me sous-jacent \u00e9tait la magn\u00e9tisation du mouvement, vous remarquerez que la pr\u00e9cision se stabilise \u00e0 une nouvelle valeur, se rapprochant des sp\u00e9cifications requises. Si la nouvelle pr\u00e9cision reste constante et se situe dans la plage sp\u00e9cifi\u00e9e, cela indique une d\u00e9magn\u00e9tisation r\u00e9ussie, et le probl\u00e8me est r\u00e9solu. Si la nouvelle pr\u00e9cision reste stable et s&rsquo;am\u00e9liore par rapport \u00e0 l&rsquo;\u00e9tat avant la d\u00e9magn\u00e9tisation, mais se situe toujours en dehors de la plage sp\u00e9cifi\u00e9e, cela indique une d\u00e9magn\u00e9tisation partielle. Dans ce cas, veuillez passer au processus de d\u00e9magn\u00e9tisation multiposition.<\/p>\n<div class=\"media-container\">\n  <video muted=\"\" controls=\"controls\"><source src=\"\/wp-content\/uploads\/2023\/10\/ONEOF_App_video_iPad_UserManual_Demag_mockup.mp4\" type=\"video\/mp4\" \/><\/video><\/p>\n<p>Acc\u00e8s aux r\u00e9sultats de la mesure<\/p>\n<\/div>\n<h3>D\u00e9magn\u00e9tisation Multiposition<\/h3>\n<ul>\n<li>Tenez la montre dans une position verticale diff\u00e9rente au-dessus du capteur et appuyez sur \u00ab\u00a0Demag\u00a0\u00bb (d\u00e9sormais repr\u00e9sent\u00e9 par une ic\u00f4ne d&rsquo;\u00e9clair).<\/li>\n<li>R\u00e9p\u00e9tez le processus avec quatre positions verticales distinctes, en appuyant sur \u00ab\u00a0Demag\u00a0\u00bb \u00e0 chaque fois.<\/li>\n<li>Apr\u00e8s avoir termin\u00e9 ces \u00e9tapes, v\u00e9rifiez la pr\u00e9cision de la montre. Si la nouvelle pr\u00e9cision reste stable et se situe dans la plage sp\u00e9cifi\u00e9e, cela indique que la montre est maintenant enti\u00e8rement d\u00e9magn\u00e9tis\u00e9e, et le probl\u00e8me est r\u00e9solu.<\/li>\n<\/ul>\n<div class=\"media-container\">\n  <video muted=\"\" controls=\"controls\"><source src=\"\/wp-content\/uploads\/2023\/10\/ONEOF_Accurcacy_boutique_edition_demag_website.mp4\" type=\"video\/mp4\" \/><\/video><\/p>\n<p>D\u00e9magn\u00e9tisation multiposition<\/p>\n<\/div>\n","protected":false},"excerpt":{"rendered":"<p>Guide d&rsquo;utilisation du ONEOF\u00ae Accuracy Boutique Edition Le ONEOF\u00ae Accuracy Boutique Edition est con\u00e7u pour \u00eatre connect\u00e9 via USB, \u00e9liminant ainsi le besoin d&rsquo;une alimentation externe. Sa fonction principale permet l&rsquo;\u00e9valuation rapide de la performance d&rsquo;une montre en seulement deux minutes. En identifiant efficacement et en r\u00e9solvant les probl\u00e8mes au niveau de la boutique, elle [&hellip;]<\/p>\n","protected":false},"author":2,"featured_media":0,"parent":3700,"menu_order":0,"comment_status":"closed","ping_status":"closed","template":"template-with-sidebar.php","meta":{"footnotes":""},"acf":[],"yoast_head":"<!-- This site is optimized with the Yoast SEO plugin v21.3 - https:\/\/yoast.com\/wordpress\/plugins\/seo\/ -->\n<title>Guide d&#039;utilisation de l&#039;Accuracy Boutique Edition - H2i<\/title>\n<meta name=\"description\" content=\"Apprenez \u00e0 mesurer facilement la pr\u00e9cision et \u00e0 d\u00e9magn\u00e9tiser une montre m\u00e9canique en magasin en deux minutes.\" \/>\n<meta name=\"robots\" content=\"index, follow, max-snippet:-1, max-image-preview:large, max-video-preview:-1\" \/>\n<link rel=\"canonical\" href=\"https:\/\/staging.h2i.ch\/fr\/support\/guide-utilisation-accuracy-boutique-edition\/\" \/>\n<meta property=\"og:locale\" content=\"fr_FR\" \/>\n<meta property=\"og:type\" content=\"article\" \/>\n<meta property=\"og:title\" content=\"Guide d&#039;utilisation de l&#039;Accuracy Boutique Edition - H2i\" \/>\n<meta property=\"og:description\" content=\"Apprenez \u00e0 mesurer facilement la pr\u00e9cision et \u00e0 d\u00e9magn\u00e9tiser une montre m\u00e9canique en magasin en deux minutes.\" \/>\n<meta property=\"og:url\" content=\"https:\/\/staging.h2i.ch\/fr\/support\/guide-utilisation-accuracy-boutique-edition\/\" \/>\n<meta property=\"og:site_name\" content=\"H2i\" \/>\n<meta property=\"article:modified_time\" content=\"2023-10-31T13:02:16+00:00\" \/>\n<meta name=\"twitter:card\" content=\"summary_large_image\" \/>\n<meta name=\"twitter:label1\" content=\"Dur\u00e9e de lecture estim\u00e9e\" \/>\n\t<meta name=\"twitter:data1\" content=\"4 minutes\" \/>\n<script type=\"application\/ld+json\" class=\"yoast-schema-graph\">{\"@context\":\"https:\/\/schema.org\",\"@graph\":[{\"@type\":\"WebPage\",\"@id\":\"https:\/\/staging.h2i.ch\/fr\/support\/guide-utilisation-accuracy-boutique-edition\/\",\"url\":\"https:\/\/staging.h2i.ch\/fr\/support\/guide-utilisation-accuracy-boutique-edition\/\",\"name\":\"Guide d'utilisation de l'Accuracy Boutique Edition - H2i\",\"isPartOf\":{\"@id\":\"https:\/\/staging.h2i.ch\/fr\/#website\"},\"datePublished\":\"2021-11-14T13:33:56+00:00\",\"dateModified\":\"2023-10-31T13:02:16+00:00\",\"description\":\"Apprenez \u00e0 mesurer facilement la pr\u00e9cision et \u00e0 d\u00e9magn\u00e9tiser une montre m\u00e9canique en magasin en deux minutes.\",\"breadcrumb\":{\"@id\":\"https:\/\/staging.h2i.ch\/fr\/support\/guide-utilisation-accuracy-boutique-edition\/#breadcrumb\"},\"inLanguage\":\"fr-FR\",\"potentialAction\":[{\"@type\":\"ReadAction\",\"target\":[\"https:\/\/staging.h2i.ch\/fr\/support\/guide-utilisation-accuracy-boutique-edition\/\"]}]},{\"@type\":\"BreadcrumbList\",\"@id\":\"https:\/\/staging.h2i.ch\/fr\/support\/guide-utilisation-accuracy-boutique-edition\/#breadcrumb\",\"itemListElement\":[{\"@type\":\"ListItem\",\"position\":1,\"name\":\"Page d'accueil\",\"item\":\"https:\/\/staging.h2i.ch\/fr\/\"},{\"@type\":\"ListItem\",\"position\":2,\"name\":\"Support\",\"item\":\"https:\/\/staging.h2i.ch\/fr\/support\/\"},{\"@type\":\"ListItem\",\"position\":3,\"name\":\"Guide d&#8217;utilisation de l&#8217;Accuracy Boutique Edition\"}]},{\"@type\":\"WebSite\",\"@id\":\"https:\/\/staging.h2i.ch\/fr\/#website\",\"url\":\"https:\/\/staging.h2i.ch\/fr\/\",\"name\":\"H2i\",\"description\":\"\",\"publisher\":{\"@id\":\"https:\/\/staging.h2i.ch\/fr\/#organization\"},\"potentialAction\":[{\"@type\":\"SearchAction\",\"target\":{\"@type\":\"EntryPoint\",\"urlTemplate\":\"https:\/\/staging.h2i.ch\/fr\/?s={search_term_string}\"},\"query-input\":\"required name=search_term_string\"}],\"inLanguage\":\"fr-FR\"},{\"@type\":\"Organization\",\"@id\":\"https:\/\/staging.h2i.ch\/fr\/#organization\",\"name\":\"H2i\",\"url\":\"https:\/\/staging.h2i.ch\/fr\/\",\"logo\":{\"@type\":\"ImageObject\",\"inLanguage\":\"fr-FR\",\"@id\":\"https:\/\/staging.h2i.ch\/fr\/#\/schema\/logo\/image\/\",\"url\":\"https:\/\/h2i.ch\/wp-content\/uploads\/2023\/03\/logo_H2i.jpg\",\"contentUrl\":\"https:\/\/h2i.ch\/wp-content\/uploads\/2023\/03\/logo_H2i.jpg\",\"width\":288,\"height\":144,\"caption\":\"H2i\"},\"image\":{\"@id\":\"https:\/\/staging.h2i.ch\/fr\/#\/schema\/logo\/image\/\"},\"sameAs\":[\"https:\/\/www.linkedin.com\/company\/h2i-swiss\/\",\"https:\/\/www.instagram.com\/oneof_swiss\/\"]}]}<\/script>\n<!-- \/ Yoast SEO plugin. -->","yoast_head_json":{"title":"Guide d'utilisation de l'Accuracy Boutique Edition - H2i","description":"Apprenez \u00e0 mesurer facilement la pr\u00e9cision et \u00e0 d\u00e9magn\u00e9tiser une montre m\u00e9canique en magasin en deux minutes.","robots":{"index":"index","follow":"follow","max-snippet":"max-snippet:-1","max-image-preview":"max-image-preview:large","max-video-preview":"max-video-preview:-1"},"canonical":"https:\/\/staging.h2i.ch\/fr\/support\/guide-utilisation-accuracy-boutique-edition\/","og_locale":"fr_FR","og_type":"article","og_title":"Guide d'utilisation de l'Accuracy Boutique Edition - H2i","og_description":"Apprenez \u00e0 mesurer facilement la pr\u00e9cision et \u00e0 d\u00e9magn\u00e9tiser une montre m\u00e9canique en magasin en deux minutes.","og_url":"https:\/\/staging.h2i.ch\/fr\/support\/guide-utilisation-accuracy-boutique-edition\/","og_site_name":"H2i","article_modified_time":"2023-10-31T13:02:16+00:00","twitter_card":"summary_large_image","twitter_misc":{"Dur\u00e9e de lecture estim\u00e9e":"4 minutes"},"schema":{"@context":"https:\/\/schema.org","@graph":[{"@type":"WebPage","@id":"https:\/\/staging.h2i.ch\/fr\/support\/guide-utilisation-accuracy-boutique-edition\/","url":"https:\/\/staging.h2i.ch\/fr\/support\/guide-utilisation-accuracy-boutique-edition\/","name":"Guide d'utilisation de l'Accuracy Boutique Edition - H2i","isPartOf":{"@id":"https:\/\/staging.h2i.ch\/fr\/#website"},"datePublished":"2021-11-14T13:33:56+00:00","dateModified":"2023-10-31T13:02:16+00:00","description":"Apprenez \u00e0 mesurer facilement la pr\u00e9cision et \u00e0 d\u00e9magn\u00e9tiser une montre m\u00e9canique en magasin en deux minutes.","breadcrumb":{"@id":"https:\/\/staging.h2i.ch\/fr\/support\/guide-utilisation-accuracy-boutique-edition\/#breadcrumb"},"inLanguage":"fr-FR","potentialAction":[{"@type":"ReadAction","target":["https:\/\/staging.h2i.ch\/fr\/support\/guide-utilisation-accuracy-boutique-edition\/"]}]},{"@type":"BreadcrumbList","@id":"https:\/\/staging.h2i.ch\/fr\/support\/guide-utilisation-accuracy-boutique-edition\/#breadcrumb","itemListElement":[{"@type":"ListItem","position":1,"name":"Page d'accueil","item":"https:\/\/staging.h2i.ch\/fr\/"},{"@type":"ListItem","position":2,"name":"Support","item":"https:\/\/staging.h2i.ch\/fr\/support\/"},{"@type":"ListItem","position":3,"name":"Guide d&#8217;utilisation de l&#8217;Accuracy Boutique Edition"}]},{"@type":"WebSite","@id":"https:\/\/staging.h2i.ch\/fr\/#website","url":"https:\/\/staging.h2i.ch\/fr\/","name":"H2i","description":"","publisher":{"@id":"https:\/\/staging.h2i.ch\/fr\/#organization"},"potentialAction":[{"@type":"SearchAction","target":{"@type":"EntryPoint","urlTemplate":"https:\/\/staging.h2i.ch\/fr\/?s={search_term_string}"},"query-input":"required name=search_term_string"}],"inLanguage":"fr-FR"},{"@type":"Organization","@id":"https:\/\/staging.h2i.ch\/fr\/#organization","name":"H2i","url":"https:\/\/staging.h2i.ch\/fr\/","logo":{"@type":"ImageObject","inLanguage":"fr-FR","@id":"https:\/\/staging.h2i.ch\/fr\/#\/schema\/logo\/image\/","url":"https:\/\/h2i.ch\/wp-content\/uploads\/2023\/03\/logo_H2i.jpg","contentUrl":"https:\/\/h2i.ch\/wp-content\/uploads\/2023\/03\/logo_H2i.jpg","width":288,"height":144,"caption":"H2i"},"image":{"@id":"https:\/\/staging.h2i.ch\/fr\/#\/schema\/logo\/image\/"},"sameAs":["https:\/\/www.linkedin.com\/company\/h2i-swiss\/","https:\/\/www.instagram.com\/oneof_swiss\/"]}]}},"_links":{"self":[{"href":"https:\/\/staging.h2i.ch\/fr\/wp-json\/wp\/v2\/pages\/2468"}],"collection":[{"href":"https:\/\/staging.h2i.ch\/fr\/wp-json\/wp\/v2\/pages"}],"about":[{"href":"https:\/\/staging.h2i.ch\/fr\/wp-json\/wp\/v2\/types\/page"}],"author":[{"embeddable":true,"href":"https:\/\/staging.h2i.ch\/fr\/wp-json\/wp\/v2\/users\/2"}],"replies":[{"embeddable":true,"href":"https:\/\/staging.h2i.ch\/fr\/wp-json\/wp\/v2\/comments?post=2468"}],"version-history":[{"count":9,"href":"https:\/\/staging.h2i.ch\/fr\/wp-json\/wp\/v2\/pages\/2468\/revisions"}],"predecessor-version":[{"id":4573,"href":"https:\/\/staging.h2i.ch\/fr\/wp-json\/wp\/v2\/pages\/2468\/revisions\/4573"}],"up":[{"embeddable":true,"href":"https:\/\/staging.h2i.ch\/fr\/wp-json\/wp\/v2\/pages\/3700"}],"wp:attachment":[{"href":"https:\/\/staging.h2i.ch\/fr\/wp-json\/wp\/v2\/media?parent=2468"}],"curies":[{"name":"wp","href":"https:\/\/api.w.org\/{rel}","templated":true}]}}