{"id":2466,"date":"2021-11-14T14:38:17","date_gmt":"2021-11-14T14:38:17","guid":{"rendered":"https:\/\/h2i.ch\/device-software\/"},"modified":"2023-10-12T14:03:25","modified_gmt":"2023-10-12T14:03:25","slug":"application-windows","status":"publish","type":"page","link":"https:\/\/staging.h2i.ch\/fr\/support\/application-windows\/","title":{"rendered":"Application Windows"},"content":{"rendered":"<h1>Application Windows ONEOF\u00ae Accuracy<\/h1>\n<p>Optimisez l&rsquo;entretien de votre montre avec l&rsquo;application ONEOF\u00ae Accuracy.<\/p>\n<p>D\u00e9couvrez la pr\u00e9cision et l&rsquo;exactitude que seuls les experts horlogers suisses peuvent offrir.<\/p>\n<h2>Installation<\/h2>\n<h3>T\u00e9l\u00e9chargez depuis le Windows Store (Recommand\u00e9)<\/h3>\n<p>T\u00e9l\u00e9chargez et installez l&rsquo;application directement depuis la plateforme du Windows Store pour profiter des mises \u00e0 jour automatiques et d&rsquo;une exp\u00e9rience s\u00e9curis\u00e9e.<\/p>\n<p><a href=\"https:\/\/apps.microsoft.com\/store\/detail\/oneof-accuracy\/9PN0T2LRHK82?hl=en&#038;gl=ch&#038;rtc=1\" target=\"_blank\" class=\"app_btn\" title=\"Obtenez-le depuis Microsoft\" rel=\"noopener\"><br \/>\n    <img decoding=\"async\" src=\"https:\/\/h2i.ch\/wp-content\/themes\/h2i\/h2i\/assets\/images\/microsoft.svg\" alt=\"Microsoft\" style=\"max-width:150px;\"><br \/>\n<\/a><\/p>\n<h3>Installer le Package (Utilisateurs Avanc\u00e9s)<\/h3>\n<p>Si vous \u00eates un utilisateur avanc\u00e9, vous pouvez installer l&rsquo;application manuellement :<\/p>\n<ol>\n<li><a href=\"https:\/\/h2i.ch\/software\/one-of\/OneOf.Packaging_1.1.9.0_Release.zip\" rel=\"noopener\">T\u00e9l\u00e9chargez le package de l&rsquo;application.<\/a><\/li>\n<li>D\u00e9compressez le dossier.<\/li>\n<li>Cliquez avec le bouton droit sur le fichier \u00ab\u00a0Add-AppDevPackage.ps1\u00a0\u00bb.<\/li>\n<li>Choisissez \u00ab\u00a0Ex\u00e9cuter avec PowerShell\u00a0\u00bb pour installer l&rsquo;application.<\/li>\n<\/ol>\n<h2>Guide utilisateur<\/h2>\n<p>Veuillez suivre <a href=\"\/accuracy-motion-user-guide\/Default.htm\">ce lien<\/a> pour acc\u00e9der \u00e0 notre guide utilisateur concis et intuitif.<\/p>\n<p>\n","protected":false},"excerpt":{"rendered":"<p>Application Windows ONEOF\u00ae Accuracy Optimisez l&rsquo;entretien de votre montre avec l&rsquo;application ONEOF\u00ae Accuracy. D\u00e9couvrez la pr\u00e9cision et l&rsquo;exactitude que seuls les experts horlogers suisses peuvent offrir. Installation T\u00e9l\u00e9chargez depuis le Windows Store (Recommand\u00e9) T\u00e9l\u00e9chargez et installez l&rsquo;application directement depuis la plateforme du Windows Store pour profiter des mises \u00e0 jour automatiques et d&rsquo;une exp\u00e9rience s\u00e9curis\u00e9e. [&hellip;]<\/p>\n","protected":false},"author":2,"featured_media":0,"parent":3700,"menu_order":0,"comment_status":"closed","ping_status":"closed","template":"template-without-sidebar.php","meta":{"footnotes":""},"acf":[],"yoast_head":"<!-- This site is optimized with the Yoast SEO plugin v21.3 - https:\/\/yoast.com\/wordpress\/plugins\/seo\/ -->\n<title>Application Windows - Application H2i Accuracy<\/title>\n<meta name=\"description\" content=\"Trouvez des informations sur la derni\u00e8re version de l&#039;application H2i Accuracy requise pour l&#039;utilisation de votre appareil de mesure de montre H2i.\" \/>\n<meta name=\"robots\" content=\"index, follow, max-snippet:-1, max-image-preview:large, max-video-preview:-1\" \/>\n<link rel=\"canonical\" href=\"https:\/\/staging.h2i.ch\/fr\/support\/application-windows\/\" \/>\n<meta property=\"og:locale\" content=\"fr_FR\" \/>\n<meta property=\"og:type\" content=\"article\" \/>\n<meta property=\"og:title\" content=\"Application Windows - Application H2i Accuracy\" \/>\n<meta property=\"og:description\" content=\"Trouvez des informations sur la derni\u00e8re version de l&#039;application H2i Accuracy requise pour l&#039;utilisation de votre appareil de mesure de montre H2i.\" \/>\n<meta property=\"og:url\" content=\"https:\/\/staging.h2i.ch\/fr\/support\/application-windows\/\" \/>\n<meta property=\"og:site_name\" content=\"H2i\" \/>\n<meta property=\"article:modified_time\" content=\"2023-10-12T14:03:25+00:00\" \/>\n<meta property=\"og:image\" content=\"https:\/\/h2i.ch\/wp-content\/themes\/h2i\/h2i\/assets\/images\/microsoft.svg\" \/>\n<meta name=\"twitter:card\" content=\"summary_large_image\" \/>\n<meta name=\"twitter:label1\" content=\"Dur\u00e9e de lecture estim\u00e9e\" \/>\n\t<meta name=\"twitter:data1\" content=\"1 minute\" \/>\n<script type=\"application\/ld+json\" class=\"yoast-schema-graph\">{\"@context\":\"https:\/\/schema.org\",\"@graph\":[{\"@type\":\"WebPage\",\"@id\":\"https:\/\/staging.h2i.ch\/fr\/support\/application-windows\/\",\"url\":\"https:\/\/staging.h2i.ch\/fr\/support\/application-windows\/\",\"name\":\"Application Windows - Application H2i Accuracy\",\"isPartOf\":{\"@id\":\"https:\/\/staging.h2i.ch\/fr\/#website\"},\"datePublished\":\"2021-11-14T14:38:17+00:00\",\"dateModified\":\"2023-10-12T14:03:25+00:00\",\"description\":\"Trouvez des informations sur la derni\u00e8re version de l'application H2i Accuracy requise pour l'utilisation de votre appareil de mesure de montre H2i.\",\"breadcrumb\":{\"@id\":\"https:\/\/staging.h2i.ch\/fr\/support\/application-windows\/#breadcrumb\"},\"inLanguage\":\"fr-FR\",\"potentialAction\":[{\"@type\":\"ReadAction\",\"target\":[\"https:\/\/staging.h2i.ch\/fr\/support\/application-windows\/\"]}]},{\"@type\":\"BreadcrumbList\",\"@id\":\"https:\/\/staging.h2i.ch\/fr\/support\/application-windows\/#breadcrumb\",\"itemListElement\":[{\"@type\":\"ListItem\",\"position\":1,\"name\":\"Page d'accueil\",\"item\":\"https:\/\/staging.h2i.ch\/fr\/\"},{\"@type\":\"ListItem\",\"position\":2,\"name\":\"Support\",\"item\":\"https:\/\/staging.h2i.ch\/fr\/support\/\"},{\"@type\":\"ListItem\",\"position\":3,\"name\":\"Application Windows\"}]},{\"@type\":\"WebSite\",\"@id\":\"https:\/\/staging.h2i.ch\/fr\/#website\",\"url\":\"https:\/\/staging.h2i.ch\/fr\/\",\"name\":\"H2i\",\"description\":\"\",\"publisher\":{\"@id\":\"https:\/\/staging.h2i.ch\/fr\/#organization\"},\"potentialAction\":[{\"@type\":\"SearchAction\",\"target\":{\"@type\":\"EntryPoint\",\"urlTemplate\":\"https:\/\/staging.h2i.ch\/fr\/?s={search_term_string}\"},\"query-input\":\"required name=search_term_string\"}],\"inLanguage\":\"fr-FR\"},{\"@type\":\"Organization\",\"@id\":\"https:\/\/staging.h2i.ch\/fr\/#organization\",\"name\":\"H2i\",\"url\":\"https:\/\/staging.h2i.ch\/fr\/\",\"logo\":{\"@type\":\"ImageObject\",\"inLanguage\":\"fr-FR\",\"@id\":\"https:\/\/staging.h2i.ch\/fr\/#\/schema\/logo\/image\/\",\"url\":\"https:\/\/h2i.ch\/wp-content\/uploads\/2023\/03\/logo_H2i.jpg\",\"contentUrl\":\"https:\/\/h2i.ch\/wp-content\/uploads\/2023\/03\/logo_H2i.jpg\",\"width\":288,\"height\":144,\"caption\":\"H2i\"},\"image\":{\"@id\":\"https:\/\/staging.h2i.ch\/fr\/#\/schema\/logo\/image\/\"},\"sameAs\":[\"https:\/\/www.linkedin.com\/company\/h2i-swiss\/\",\"https:\/\/www.instagram.com\/oneof_swiss\/\"]}]}<\/script>\n<!-- \/ Yoast SEO plugin. -->","yoast_head_json":{"title":"Application Windows - Application H2i Accuracy","description":"Trouvez des informations sur la derni\u00e8re version de l'application H2i Accuracy requise pour l'utilisation de votre appareil de mesure de montre H2i.","robots":{"index":"index","follow":"follow","max-snippet":"max-snippet:-1","max-image-preview":"max-image-preview:large","max-video-preview":"max-video-preview:-1"},"canonical":"https:\/\/staging.h2i.ch\/fr\/support\/application-windows\/","og_locale":"fr_FR","og_type":"article","og_title":"Application Windows - Application H2i Accuracy","og_description":"Trouvez des informations sur la derni\u00e8re version de l'application H2i Accuracy requise pour l'utilisation de votre appareil de mesure de montre H2i.","og_url":"https:\/\/staging.h2i.ch\/fr\/support\/application-windows\/","og_site_name":"H2i","article_modified_time":"2023-10-12T14:03:25+00:00","og_image":[{"url":"https:\/\/h2i.ch\/wp-content\/themes\/h2i\/h2i\/assets\/images\/microsoft.svg"}],"twitter_card":"summary_large_image","twitter_misc":{"Dur\u00e9e de lecture estim\u00e9e":"1 minute"},"schema":{"@context":"https:\/\/schema.org","@graph":[{"@type":"WebPage","@id":"https:\/\/staging.h2i.ch\/fr\/support\/application-windows\/","url":"https:\/\/staging.h2i.ch\/fr\/support\/application-windows\/","name":"Application Windows - Application H2i Accuracy","isPartOf":{"@id":"https:\/\/staging.h2i.ch\/fr\/#website"},"datePublished":"2021-11-14T14:38:17+00:00","dateModified":"2023-10-12T14:03:25+00:00","description":"Trouvez des informations sur la derni\u00e8re version de l'application H2i Accuracy requise pour l'utilisation de votre appareil de mesure de montre H2i.","breadcrumb":{"@id":"https:\/\/staging.h2i.ch\/fr\/support\/application-windows\/#breadcrumb"},"inLanguage":"fr-FR","potentialAction":[{"@type":"ReadAction","target":["https:\/\/staging.h2i.ch\/fr\/support\/application-windows\/"]}]},{"@type":"BreadcrumbList","@id":"https:\/\/staging.h2i.ch\/fr\/support\/application-windows\/#breadcrumb","itemListElement":[{"@type":"ListItem","position":1,"name":"Page d'accueil","item":"https:\/\/staging.h2i.ch\/fr\/"},{"@type":"ListItem","position":2,"name":"Support","item":"https:\/\/staging.h2i.ch\/fr\/support\/"},{"@type":"ListItem","position":3,"name":"Application Windows"}]},{"@type":"WebSite","@id":"https:\/\/staging.h2i.ch\/fr\/#website","url":"https:\/\/staging.h2i.ch\/fr\/","name":"H2i","description":"","publisher":{"@id":"https:\/\/staging.h2i.ch\/fr\/#organization"},"potentialAction":[{"@type":"SearchAction","target":{"@type":"EntryPoint","urlTemplate":"https:\/\/staging.h2i.ch\/fr\/?s={search_term_string}"},"query-input":"required name=search_term_string"}],"inLanguage":"fr-FR"},{"@type":"Organization","@id":"https:\/\/staging.h2i.ch\/fr\/#organization","name":"H2i","url":"https:\/\/staging.h2i.ch\/fr\/","logo":{"@type":"ImageObject","inLanguage":"fr-FR","@id":"https:\/\/staging.h2i.ch\/fr\/#\/schema\/logo\/image\/","url":"https:\/\/h2i.ch\/wp-content\/uploads\/2023\/03\/logo_H2i.jpg","contentUrl":"https:\/\/h2i.ch\/wp-content\/uploads\/2023\/03\/logo_H2i.jpg","width":288,"height":144,"caption":"H2i"},"image":{"@id":"https:\/\/staging.h2i.ch\/fr\/#\/schema\/logo\/image\/"},"sameAs":["https:\/\/www.linkedin.com\/company\/h2i-swiss\/","https:\/\/www.instagram.com\/oneof_swiss\/"]}]}},"_links":{"self":[{"href":"https:\/\/staging.h2i.ch\/fr\/wp-json\/wp\/v2\/pages\/2466"}],"collection":[{"href":"https:\/\/staging.h2i.ch\/fr\/wp-json\/wp\/v2\/pages"}],"about":[{"href":"https:\/\/staging.h2i.ch\/fr\/wp-json\/wp\/v2\/types\/page"}],"author":[{"embeddable":true,"href":"https:\/\/staging.h2i.ch\/fr\/wp-json\/wp\/v2\/users\/2"}],"replies":[{"embeddable":true,"href":"https:\/\/staging.h2i.ch\/fr\/wp-json\/wp\/v2\/comments?post=2466"}],"version-history":[{"count":7,"href":"https:\/\/staging.h2i.ch\/fr\/wp-json\/wp\/v2\/pages\/2466\/revisions"}],"predecessor-version":[{"id":4400,"href":"https:\/\/staging.h2i.ch\/fr\/wp-json\/wp\/v2\/pages\/2466\/revisions\/4400"}],"up":[{"embeddable":true,"href":"https:\/\/staging.h2i.ch\/fr\/wp-json\/wp\/v2\/pages\/3700"}],"wp:attachment":[{"href":"https:\/\/staging.h2i.ch\/fr\/wp-json\/wp\/v2\/media?parent=2466"}],"curies":[{"name":"wp","href":"https:\/\/api.w.org\/{rel}","templated":true}]}}